{"id":19,"date":"2023-07-24T09:50:43","date_gmt":"2023-07-24T07:50:43","guid":{"rendered":"https:\/\/ecofelt.vanoweb.fr\/?page_id=19"},"modified":"2025-03-27T14:54:19","modified_gmt":"2025-03-27T13:54:19","slug":"production","status":"publish","type":"page","link":"https:\/\/ecofelt.fr\/fr\/production\/","title":{"rendered":"Production"},"content":{"rendered":"\t\t<div data-elementor-type=\"wp-page\" data-elementor-id=\"19\" class=\"elementor elementor-19\" data-elementor-post-type=\"page\">\n\t\t\t\t<div class=\"elementor-element elementor-element-e2570f1 e-flex e-con-boxed e-con e-parent\" data-id=\"e2570f1\" data-element_type=\"container\" data-settings=\"{&quot;background_background&quot;:&quot;classic&quot;,&quot;_ob_use_container_extras&quot;:&quot;no&quot;,&quot;_ob_column_hoveranimator&quot;:&quot;no&quot;,&quot;_ob_glider_is_slider&quot;:&quot;no&quot;,&quot;_ob_column_has_pseudo&quot;:&quot;no&quot;}\">\n\t\t\t\t\t<div class=\"e-con-inner\">\n\t\t\t\t<div class=\"elementor-element elementor-element-7f8ab68 ob-harakiri-inherit ob-has-background-overlay elementor-widget elementor-widget-heading\" data-id=\"7f8ab68\" data-element_type=\"widget\" data-settings=\"{&quot;_ob_use_harakiri&quot;:&quot;yes&quot;,&quot;_ob_harakiri_writing_mode&quot;:&quot;inherit&quot;,&quot;_ob_harakiri_text_clip&quot;:&quot;none&quot;,&quot;_ob_widget_stalker_use&quot;:&quot;no&quot;,&quot;_ob_poopart_use&quot;:&quot;yes&quot;,&quot;_ob_shadough_use&quot;:&quot;no&quot;,&quot;_ob_allow_hoveranimator&quot;:&quot;no&quot;}\" data-widget_type=\"heading.default\">\n\t\t\t\t<div class=\"elementor-widget-container\">\n\t\t\t\t\t<h1 class=\"elementor-heading-title elementor-size-default\">Production<\/h1>\t\t\t\t<\/div>\n\t\t\t\t<\/div>\n\t\t\t\t\t<\/div>\n\t\t\t\t<\/div>\n\t\t<div class=\"elementor-element elementor-element-ff57683 e-flex e-con-boxed e-con e-parent\" data-id=\"ff57683\" data-element_type=\"container\" data-settings=\"{&quot;_ob_use_container_extras&quot;:&quot;no&quot;,&quot;_ob_column_hoveranimator&quot;:&quot;no&quot;,&quot;_ob_glider_is_slider&quot;:&quot;no&quot;,&quot;_ob_column_has_pseudo&quot;:&quot;no&quot;}\">\n\t\t\t\t\t<div class=\"e-con-inner\">\n\t\t<div class=\"elementor-element elementor-element-75cd1c1 e-con-full e-flex e-con e-child\" data-id=\"75cd1c1\" data-element_type=\"container\" data-settings=\"{&quot;_ob_use_container_extras&quot;:&quot;no&quot;,&quot;_ob_column_hoveranimator&quot;:&quot;no&quot;,&quot;_ob_glider_is_slider&quot;:&quot;no&quot;,&quot;_ob_column_has_pseudo&quot;:&quot;no&quot;}\">\n\t\t\t\t<div class=\"elementor-element elementor-element-11106d6 ob-harakiri-inherit ob-has-background-overlay elementor-widget elementor-widget-heading\" data-id=\"11106d6\" data-element_type=\"widget\" data-settings=\"{&quot;_ob_use_harakiri&quot;:&quot;yes&quot;,&quot;_ob_harakiri_writing_mode&quot;:&quot;inherit&quot;,&quot;_ob_harakiri_text_clip&quot;:&quot;none&quot;,&quot;_ob_widget_stalker_use&quot;:&quot;no&quot;,&quot;_ob_poopart_use&quot;:&quot;yes&quot;,&quot;_ob_shadough_use&quot;:&quot;no&quot;,&quot;_ob_allow_hoveranimator&quot;:&quot;no&quot;}\" data-widget_type=\"heading.default\">\n\t\t\t\t<div class=\"elementor-widget-container\">\n\t\t\t\t\t<h2 class=\"elementor-heading-title elementor-size-default\">Moins de d\u00e9chets produits. Plus de d\u00e9chets revaloris\u00e9s.<\/h2>\t\t\t\t<\/div>\n\t\t\t\t<\/div>\n\t\t\t\t<div class=\"elementor-element elementor-element-b73575a ob-harakiri-inherit ob-has-background-overlay elementor-widget elementor-widget-text-editor\" data-id=\"b73575a\" data-element_type=\"widget\" data-settings=\"{&quot;_ob_use_harakiri&quot;:&quot;yes&quot;,&quot;_ob_harakiri_writing_mode&quot;:&quot;inherit&quot;,&quot;_ob_postman_use&quot;:&quot;no&quot;,&quot;_ob_widget_stalker_use&quot;:&quot;no&quot;,&quot;_ob_poopart_use&quot;:&quot;yes&quot;,&quot;_ob_shadough_use&quot;:&quot;no&quot;,&quot;_ob_allow_hoveranimator&quot;:&quot;no&quot;}\" data-widget_type=\"text-editor.default\">\n\t\t\t\t<div class=\"elementor-widget-container\">\n\t\t\t\t\t\t\t\t\t<p class=\"p1\">L\u2019optimisation des fabrications, le r\u00e9emploi des rebuts de production en interne ou dans le cadre de revalorisation en partenariat avec des acteurs industriels innovants nous permettent de r\u00e9duire 50% nos d\u00e9chets.<\/p>\t\t\t\t\t\t\t\t<\/div>\n\t\t\t\t<\/div>\n\t\t\t\t<\/div>\n\t\t<div class=\"elementor-element elementor-element-89fb825 e-con-full e-flex e-con e-child\" data-id=\"89fb825\" data-element_type=\"container\" data-settings=\"{&quot;_ob_use_container_extras&quot;:&quot;no&quot;,&quot;_ob_column_hoveranimator&quot;:&quot;no&quot;,&quot;_ob_glider_is_slider&quot;:&quot;no&quot;,&quot;_ob_column_has_pseudo&quot;:&quot;no&quot;}\">\n\t\t\t\t<div class=\"elementor-element elementor-element-634c08b ob-has-background-overlay elementor-widget elementor-widget-image\" data-id=\"634c08b\" data-element_type=\"widget\" data-settings=\"{&quot;_ob_photomorph_use&quot;:&quot;no&quot;,&quot;_ob_widget_stalker_use&quot;:&quot;no&quot;,&quot;_ob_poopart_use&quot;:&quot;yes&quot;,&quot;_ob_shadough_use&quot;:&quot;no&quot;,&quot;_ob_allow_hoveranimator&quot;:&quot;no&quot;}\" data-widget_type=\"image.default\">\n\t\t\t\t<div class=\"elementor-widget-container\">\n\t\t\t\t\t\t\t\t\t\t\t\t\t\t\t<img fetchpriority=\"high\" decoding=\"async\" width=\"700\" height=\"700\" src=\"https:\/\/ecofelt.fr\/wp-content\/uploads\/2023\/09\/production-02.webp\" class=\"attachment-large size-large wp-image-317\" alt=\"\" srcset=\"https:\/\/ecofelt.fr\/wp-content\/uploads\/2023\/09\/production-02.webp 700w, https:\/\/ecofelt.fr\/wp-content\/uploads\/2023\/09\/production-02-300x300.webp 300w, https:\/\/ecofelt.fr\/wp-content\/uploads\/2023\/09\/production-02-150x150.webp 150w\" sizes=\"(max-width: 700px) 100vw, 700px\" \/>\t\t\t\t\t\t\t\t\t\t\t\t\t\t\t<\/div>\n\t\t\t\t<\/div>\n\t\t\t\t<\/div>\n\t\t\t\t\t<\/div>\n\t\t\t\t<\/div>\n\t\t<div class=\"elementor-element elementor-element-e325542 e-flex e-con-boxed e-con e-parent\" data-id=\"e325542\" data-element_type=\"container\" data-settings=\"{&quot;_ob_use_container_extras&quot;:&quot;no&quot;,&quot;_ob_column_hoveranimator&quot;:&quot;no&quot;,&quot;_ob_glider_is_slider&quot;:&quot;no&quot;,&quot;_ob_column_has_pseudo&quot;:&quot;no&quot;}\">\n\t\t\t\t\t<div class=\"e-con-inner\">\n\t\t<div class=\"elementor-element elementor-element-1a54d2d e-con-full e-flex e-con e-child\" data-id=\"1a54d2d\" data-element_type=\"container\" data-settings=\"{&quot;_ob_use_container_extras&quot;:&quot;no&quot;,&quot;_ob_column_hoveranimator&quot;:&quot;no&quot;,&quot;_ob_glider_is_slider&quot;:&quot;no&quot;,&quot;_ob_column_has_pseudo&quot;:&quot;no&quot;}\">\n\t\t\t\t<div class=\"elementor-element elementor-element-58f4694 ob-harakiri-inherit ob-has-background-overlay elementor-widget elementor-widget-heading\" data-id=\"58f4694\" data-element_type=\"widget\" data-settings=\"{&quot;_ob_use_harakiri&quot;:&quot;yes&quot;,&quot;_ob_harakiri_writing_mode&quot;:&quot;inherit&quot;,&quot;_ob_harakiri_text_clip&quot;:&quot;none&quot;,&quot;_ob_widget_stalker_use&quot;:&quot;no&quot;,&quot;_ob_poopart_use&quot;:&quot;yes&quot;,&quot;_ob_shadough_use&quot;:&quot;no&quot;,&quot;_ob_allow_hoveranimator&quot;:&quot;no&quot;}\" data-widget_type=\"heading.default\">\n\t\t\t\t<div class=\"elementor-widget-container\">\n\t\t\t\t\t<h2 class=\"elementor-heading-title elementor-size-default\">Ecoconcevoir. Ecoproduire.<\/h2>\t\t\t\t<\/div>\n\t\t\t\t<\/div>\n\t\t\t\t<div class=\"elementor-element elementor-element-1f60b0b ob-harakiri-inherit ob-has-background-overlay elementor-widget elementor-widget-text-editor\" data-id=\"1f60b0b\" data-element_type=\"widget\" data-settings=\"{&quot;_ob_use_harakiri&quot;:&quot;yes&quot;,&quot;_ob_harakiri_writing_mode&quot;:&quot;inherit&quot;,&quot;_ob_postman_use&quot;:&quot;no&quot;,&quot;_ob_widget_stalker_use&quot;:&quot;no&quot;,&quot;_ob_poopart_use&quot;:&quot;yes&quot;,&quot;_ob_shadough_use&quot;:&quot;no&quot;,&quot;_ob_allow_hoveranimator&quot;:&quot;no&quot;}\" data-widget_type=\"text-editor.default\">\n\t\t\t\t<div class=\"elementor-widget-container\">\n\t\t\t\t\t\t\t\t\t<p class=\"p1\">Nos produits sont syst\u00e9matiquement \u00e9tudi\u00e9s et fabriqu\u00e9s avec la volont\u00e9 de pouvoir les recycler en totalit\u00e9. Du <a href=\"https:\/\/duflot.com\/fr\/recherche-et-developpement\/\" target=\"_blank\" rel=\"noopener\"><u>labo RetD<\/u><\/a> \u00e0 la sortie de la cha\u00eene de production, toutes les \u00e9tapes sont, sans cesse requestionn\u00e9es pour toujours mieux r\u00e9pondre \u00e0 cette volont\u00e9.<\/p>\t\t\t\t\t\t\t\t<\/div>\n\t\t\t\t<\/div>\n\t\t\t\t<\/div>\n\t\t<div class=\"elementor-element elementor-element-43a5580 e-con-full e-flex e-con e-child\" data-id=\"43a5580\" data-element_type=\"container\" data-settings=\"{&quot;_ob_use_container_extras&quot;:&quot;no&quot;,&quot;_ob_column_hoveranimator&quot;:&quot;no&quot;,&quot;_ob_glider_is_slider&quot;:&quot;no&quot;,&quot;_ob_column_has_pseudo&quot;:&quot;no&quot;}\">\n\t\t\t\t<div class=\"elementor-element elementor-element-a84a15e ob-has-background-overlay elementor-widget elementor-widget-image\" data-id=\"a84a15e\" data-element_type=\"widget\" data-settings=\"{&quot;_ob_photomorph_use&quot;:&quot;no&quot;,&quot;_ob_widget_stalker_use&quot;:&quot;no&quot;,&quot;_ob_poopart_use&quot;:&quot;yes&quot;,&quot;_ob_shadough_use&quot;:&quot;no&quot;,&quot;_ob_allow_hoveranimator&quot;:&quot;no&quot;}\" data-widget_type=\"image.default\">\n\t\t\t\t<div class=\"elementor-widget-container\">\n\t\t\t\t\t\t\t\t\t\t\t\t\t\t\t<img decoding=\"async\" width=\"800\" height=\"800\" src=\"https:\/\/ecofelt.fr\/wp-content\/uploads\/2025\/03\/visuel-site-ecofelt--1024x1024.jpg\" class=\"attachment-large size-large wp-image-546\" alt=\"\" srcset=\"https:\/\/ecofelt.fr\/wp-content\/uploads\/2025\/03\/visuel-site-ecofelt--1024x1024.jpg 1024w, https:\/\/ecofelt.fr\/wp-content\/uploads\/2025\/03\/visuel-site-ecofelt--300x300.jpg 300w, https:\/\/ecofelt.fr\/wp-content\/uploads\/2025\/03\/visuel-site-ecofelt--150x150.jpg 150w, https:\/\/ecofelt.fr\/wp-content\/uploads\/2025\/03\/visuel-site-ecofelt--768x768.jpg 768w, https:\/\/ecofelt.fr\/wp-content\/uploads\/2025\/03\/visuel-site-ecofelt-.jpg 1240w\" sizes=\"(max-width: 800px) 100vw, 800px\" \/>\t\t\t\t\t\t\t\t\t\t\t\t\t\t\t<\/div>\n\t\t\t\t<\/div>\n\t\t\t\t<\/div>\n\t\t\t\t\t<\/div>\n\t\t\t\t<\/div>\n\t\t<div class=\"elementor-element elementor-element-e772cc3 e-flex e-con-boxed e-con e-parent\" data-id=\"e772cc3\" data-element_type=\"container\" data-settings=\"{&quot;_ob_use_container_extras&quot;:&quot;no&quot;,&quot;_ob_column_hoveranimator&quot;:&quot;no&quot;,&quot;_ob_glider_is_slider&quot;:&quot;no&quot;,&quot;_ob_column_has_pseudo&quot;:&quot;no&quot;}\">\n\t\t\t\t\t<div class=\"e-con-inner\">\n\t\t<div class=\"elementor-element elementor-element-938bae6 e-con-full e-flex e-con e-child\" data-id=\"938bae6\" data-element_type=\"container\" data-settings=\"{&quot;_ob_use_container_extras&quot;:&quot;no&quot;,&quot;_ob_column_hoveranimator&quot;:&quot;no&quot;,&quot;_ob_glider_is_slider&quot;:&quot;no&quot;,&quot;_ob_column_has_pseudo&quot;:&quot;no&quot;}\">\n\t\t\t\t<div class=\"elementor-element elementor-element-f1b5510 ob-harakiri-inherit ob-has-background-overlay elementor-widget elementor-widget-heading\" data-id=\"f1b5510\" data-element_type=\"widget\" data-settings=\"{&quot;_ob_use_harakiri&quot;:&quot;yes&quot;,&quot;_ob_harakiri_writing_mode&quot;:&quot;inherit&quot;,&quot;_ob_harakiri_text_clip&quot;:&quot;none&quot;,&quot;_ob_widget_stalker_use&quot;:&quot;no&quot;,&quot;_ob_poopart_use&quot;:&quot;yes&quot;,&quot;_ob_shadough_use&quot;:&quot;no&quot;,&quot;_ob_allow_hoveranimator&quot;:&quot;no&quot;}\" data-widget_type=\"heading.default\">\n\t\t\t\t<div class=\"elementor-widget-container\">\n\t\t\t\t\t<h2 class=\"elementor-heading-title elementor-size-default\">50%<\/h2>\t\t\t\t<\/div>\n\t\t\t\t<\/div>\n\t\t\t\t<div class=\"elementor-element elementor-element-33efb4a ob-harakiri-inherit ob-has-background-overlay elementor-widget elementor-widget-text-editor\" data-id=\"33efb4a\" data-element_type=\"widget\" data-settings=\"{&quot;_ob_use_harakiri&quot;:&quot;yes&quot;,&quot;_ob_harakiri_writing_mode&quot;:&quot;inherit&quot;,&quot;_ob_postman_use&quot;:&quot;no&quot;,&quot;_ob_widget_stalker_use&quot;:&quot;no&quot;,&quot;_ob_poopart_use&quot;:&quot;yes&quot;,&quot;_ob_shadough_use&quot;:&quot;no&quot;,&quot;_ob_allow_hoveranimator&quot;:&quot;no&quot;}\" data-widget_type=\"text-editor.default\">\n\t\t\t\t<div class=\"elementor-widget-container\">\n\t\t\t\t\t\t\t\t\t<p>Les premiers m\u00e8tres de production sont syst\u00e9matiquement r\u00e9cup\u00e9r\u00e9s, rebroy\u00e9s et (re)deviennent ainsi mati\u00e8re premi\u00e8re pour les productions futures.<\/p><p>De m\u00eame pour les lisi\u00e8res. Les machines sur ligne permettent de les r\u00e9cup\u00e9rer. Elles seront, elles aussi, r\u00e9int\u00e9gr\u00e9es en tant que mati\u00e8re premi\u00e8re dans de futures productions.<\/p><p class=\"p1\">En 2023, la part de nos propres rebuts de production (lisi\u00e8res, premiers m\u00e8tres, chutes&#8230;), recycl\u00e9e en interne, a augment\u00e9 de 50%.\u00a0Un chiffre en constante augmentation.<\/p>\t\t\t\t\t\t\t\t<\/div>\n\t\t\t\t<\/div>\n\t\t\t\t<\/div>\n\t\t<div class=\"elementor-element elementor-element-2e0623d e-con-full e-flex e-con e-child\" data-id=\"2e0623d\" data-element_type=\"container\" data-settings=\"{&quot;_ob_use_container_extras&quot;:&quot;no&quot;,&quot;_ob_column_hoveranimator&quot;:&quot;no&quot;,&quot;_ob_glider_is_slider&quot;:&quot;no&quot;,&quot;_ob_column_has_pseudo&quot;:&quot;no&quot;}\">\n\t\t\t\t<div class=\"elementor-element elementor-element-b47e215 ob-has-background-overlay elementor-widget elementor-widget-image\" data-id=\"b47e215\" data-element_type=\"widget\" data-settings=\"{&quot;_ob_photomorph_use&quot;:&quot;no&quot;,&quot;_ob_widget_stalker_use&quot;:&quot;no&quot;,&quot;_ob_poopart_use&quot;:&quot;yes&quot;,&quot;_ob_shadough_use&quot;:&quot;no&quot;,&quot;_ob_allow_hoveranimator&quot;:&quot;no&quot;}\" data-widget_type=\"image.default\">\n\t\t\t\t<div class=\"elementor-widget-container\">\n\t\t\t\t\t\t\t\t\t\t\t\t\t\t\t<img decoding=\"async\" width=\"700\" height=\"700\" src=\"https:\/\/ecofelt.fr\/wp-content\/uploads\/2023\/09\/ecocircularite-01.webp\" class=\"attachment-large size-large wp-image-322\" alt=\"\" srcset=\"https:\/\/ecofelt.fr\/wp-content\/uploads\/2023\/09\/ecocircularite-01.webp 700w, https:\/\/ecofelt.fr\/wp-content\/uploads\/2023\/09\/ecocircularite-01-300x300.webp 300w, https:\/\/ecofelt.fr\/wp-content\/uploads\/2023\/09\/ecocircularite-01-150x150.webp 150w\" sizes=\"(max-width: 700px) 100vw, 700px\" \/>\t\t\t\t\t\t\t\t\t\t\t\t\t\t\t<\/div>\n\t\t\t\t<\/div>\n\t\t\t\t<\/div>\n\t\t\t\t\t<\/div>\n\t\t\t\t<\/div>\n\t\t<div class=\"elementor-element elementor-element-31b7b39 e-flex e-con-boxed e-con e-parent\" data-id=\"31b7b39\" data-element_type=\"container\" data-settings=\"{&quot;_ob_use_container_extras&quot;:&quot;no&quot;,&quot;_ob_column_hoveranimator&quot;:&quot;no&quot;,&quot;_ob_glider_is_slider&quot;:&quot;no&quot;,&quot;_ob_column_has_pseudo&quot;:&quot;no&quot;}\">\n\t\t\t\t\t<div class=\"e-con-inner\">\n\t\t\t\t<div class=\"elementor-element elementor-element-394ff5c elementor-align-center ob-has-background-overlay elementor-widget elementor-widget-button\" data-id=\"394ff5c\" data-element_type=\"widget\" data-settings=\"{&quot;_ob_butterbutton_use_it&quot;:&quot;no&quot;,&quot;_ob_widget_stalker_use&quot;:&quot;no&quot;,&quot;_ob_poopart_use&quot;:&quot;yes&quot;,&quot;_ob_shadough_use&quot;:&quot;no&quot;,&quot;_ob_allow_hoveranimator&quot;:&quot;no&quot;}\" data-widget_type=\"button.default\">\n\t\t\t\t<div class=\"elementor-widget-container\">\n\t\t\t\t\t\t\t\t\t<div class=\"elementor-button-wrapper\">\n\t\t\t\t\t<a class=\"elementor-button elementor-button-link elementor-size-sm\" href=\"https:\/\/duflot.com\/fr\/\" target=\"_blank\">\n\t\t\t\t\t\t<span class=\"elementor-button-content-wrapper\">\n\t\t\t\t\t\t<span class=\"elementor-button-icon\">\n\t\t\t\t<svg xmlns=\"http:\/\/www.w3.org\/2000\/svg\" xmlns:xlink=\"http:\/\/www.w3.org\/1999\/xlink\" id=\"Calque_1\" x=\"0px\" y=\"0px\" viewBox=\"0 0 10 10\" style=\"enable-background:new 0 0 10 10;\" xml:space=\"preserve\"><style type=\"text\/css\">\t.st0{fill:#FFFFFF;}<\/style><path class=\"st0\" d=\"M9.8,4.5l-4-4c-0.3-0.3-0.7-0.3-0.9,0c-0.3,0.3-0.3,0.7,0,0.9l2.9,2.9H0.7C0.3,4.3,0,4.6,0,4.9 c0,0.4,0.3,0.7,0.7,0.7h7.1L4.9,8.5c-0.3,0.3-0.3,0.7,0,0.9C5,9.6,5.2,9.6,5.3,9.6c0.2,0,0.3-0.1,0.5-0.2l4-4 C10.1,5.2,10.1,4.7,9.8,4.5z\"><\/path><\/svg>\t\t\t<\/span>\n\t\t\t\t\t\t\t\t\t<span class=\"elementor-button-text\">Duflot.com<\/span>\n\t\t\t\t\t<\/span>\n\t\t\t\t\t<\/a>\n\t\t\t\t<\/div>\n\t\t\t\t\t\t\t\t<\/div>\n\t\t\t\t<\/div>\n\t\t\t\t\t<\/div>\n\t\t\t\t<\/div>\n\t\t\t\t<\/div>\n\t\t","protected":false},"excerpt":{"rendered":"<p>Production Moins de d\u00e9chets produits. Plus de d\u00e9chets revaloris\u00e9s. L\u2019optimisation des fabrications, le r\u00e9emploi des rebuts de production en interne ou dans le cadre de revalorisation en partenariat avec des acteurs industriels innovants nous permettent de r\u00e9duire 50% nos d\u00e9chets. Ecoconcevoir. Ecoproduire. Nos produits sont syst\u00e9matiquement \u00e9tudi\u00e9s et fabriqu\u00e9s avec la volont\u00e9 de pouvoir les [&hellip;]<\/p>\n","protected":false},"author":1,"featured_media":0,"parent":0,"menu_order":0,"comment_status":"closed","ping_status":"closed","template":"","meta":{"footnotes":""},"class_list":["post-19","page","type-page","status-publish","hentry"],"yoast_head":"<!-- This site is optimized with the Yoast SEO plugin v26.8 - https:\/\/yoast.com\/product\/yoast-seo-wordpress\/ -->\n<title>Production - Ecofelt<\/title>\n<meta name=\"robots\" content=\"index, follow, max-snippet:-1, max-image-preview:large, max-video-preview:-1\" \/>\n<link rel=\"canonical\" href=\"https:\/\/ecofelt.fr\/fr\/production\/\" \/>\n<meta property=\"og:locale\" content=\"fr_FR\" \/>\n<meta property=\"og:type\" content=\"article\" \/>\n<meta property=\"og:title\" content=\"Production - Ecofelt\" \/>\n<meta property=\"og:description\" content=\"Production Moins de d\u00e9chets produits. Plus de d\u00e9chets revaloris\u00e9s. L\u2019optimisation des fabrications, le r\u00e9emploi des rebuts de production en interne ou dans le cadre de revalorisation en partenariat avec des acteurs industriels innovants nous permettent de r\u00e9duire 50% nos d\u00e9chets. Ecoconcevoir. Ecoproduire. Nos produits sont syst\u00e9matiquement \u00e9tudi\u00e9s et fabriqu\u00e9s avec la volont\u00e9 de pouvoir les [&hellip;]\" \/>\n<meta property=\"og:url\" content=\"https:\/\/ecofelt.fr\/fr\/production\/\" \/>\n<meta property=\"og:site_name\" content=\"Ecofelt\" \/>\n<meta property=\"article:modified_time\" content=\"2025-03-27T13:54:19+00:00\" \/>\n<meta property=\"og:image\" content=\"https:\/\/ecofelt.fr\/wp-content\/uploads\/2023\/09\/production-02.webp\" \/>\n<meta name=\"twitter:card\" content=\"summary_large_image\" \/>\n<meta name=\"twitter:label1\" content=\"Dur\u00e9e de lecture estim\u00e9e\" \/>\n\t<meta name=\"twitter:data1\" content=\"2 minutes\" \/>\n<script type=\"application\/ld+json\" class=\"yoast-schema-graph\">{\"@context\":\"https:\/\/schema.org\",\"@graph\":[{\"@type\":\"WebPage\",\"@id\":\"https:\/\/ecofelt.fr\/fr\/production\/\",\"url\":\"https:\/\/ecofelt.fr\/fr\/production\/\",\"name\":\"Production - Ecofelt\",\"isPartOf\":{\"@id\":\"https:\/\/ecofelt.fr\/fr\/#website\"},\"primaryImageOfPage\":{\"@id\":\"https:\/\/ecofelt.fr\/fr\/production\/#primaryimage\"},\"image\":{\"@id\":\"https:\/\/ecofelt.fr\/fr\/production\/#primaryimage\"},\"thumbnailUrl\":\"https:\/\/ecofelt.fr\/wp-content\/uploads\/2023\/09\/production-02.webp\",\"datePublished\":\"2023-07-24T07:50:43+00:00\",\"dateModified\":\"2025-03-27T13:54:19+00:00\",\"breadcrumb\":{\"@id\":\"https:\/\/ecofelt.fr\/fr\/production\/#breadcrumb\"},\"inLanguage\":\"fr-FR\",\"potentialAction\":[{\"@type\":\"ReadAction\",\"target\":[\"https:\/\/ecofelt.fr\/fr\/production\/\"]}]},{\"@type\":\"ImageObject\",\"inLanguage\":\"fr-FR\",\"@id\":\"https:\/\/ecofelt.fr\/fr\/production\/#primaryimage\",\"url\":\"https:\/\/ecofelt.fr\/wp-content\/uploads\/2023\/09\/production-02.webp\",\"contentUrl\":\"https:\/\/ecofelt.fr\/wp-content\/uploads\/2023\/09\/production-02.webp\"},{\"@type\":\"BreadcrumbList\",\"@id\":\"https:\/\/ecofelt.fr\/fr\/production\/#breadcrumb\",\"itemListElement\":[{\"@type\":\"ListItem\",\"position\":1,\"name\":\"Accueil\",\"item\":\"https:\/\/ecofelt.fr\/fr\/\"},{\"@type\":\"ListItem\",\"position\":2,\"name\":\"Production\"}]},{\"@type\":\"WebSite\",\"@id\":\"https:\/\/ecofelt.fr\/fr\/#website\",\"url\":\"https:\/\/ecofelt.fr\/fr\/\",\"name\":\"Ecofelt\",\"description\":\"Pour des non-tiss\u00e9s \u00e0 impact positif\",\"publisher\":{\"@id\":\"https:\/\/ecofelt.fr\/fr\/#organization\"},\"potentialAction\":[{\"@type\":\"SearchAction\",\"target\":{\"@type\":\"EntryPoint\",\"urlTemplate\":\"https:\/\/ecofelt.fr\/fr\/?s={search_term_string}\"},\"query-input\":{\"@type\":\"PropertyValueSpecification\",\"valueRequired\":true,\"valueName\":\"search_term_string\"}}],\"inLanguage\":\"fr-FR\"},{\"@type\":\"Organization\",\"@id\":\"https:\/\/ecofelt.fr\/fr\/#organization\",\"name\":\"Ecofelt\",\"url\":\"https:\/\/ecofelt.fr\/fr\/\",\"logo\":{\"@type\":\"ImageObject\",\"inLanguage\":\"fr-FR\",\"@id\":\"https:\/\/ecofelt.fr\/fr\/#\/schema\/logo\/image\/\",\"url\":\"https:\/\/ecofelt.fr\/wp-content\/uploads\/2023\/07\/ecofelt-logo.svg\",\"contentUrl\":\"https:\/\/ecofelt.fr\/wp-content\/uploads\/2023\/07\/ecofelt-logo.svg\",\"width\":539,\"height\":124,\"caption\":\"Ecofelt\"},\"image\":{\"@id\":\"https:\/\/ecofelt.fr\/fr\/#\/schema\/logo\/image\/\"}}]}<\/script>\n<!-- \/ Yoast SEO plugin. -->","yoast_head_json":{"title":"Production - Ecofelt","robots":{"index":"index","follow":"follow","max-snippet":"max-snippet:-1","max-image-preview":"max-image-preview:large","max-video-preview":"max-video-preview:-1"},"canonical":"https:\/\/ecofelt.fr\/fr\/production\/","og_locale":"fr_FR","og_type":"article","og_title":"Production - Ecofelt","og_description":"Production Moins de d\u00e9chets produits. Plus de d\u00e9chets revaloris\u00e9s. L\u2019optimisation des fabrications, le r\u00e9emploi des rebuts de production en interne ou dans le cadre de revalorisation en partenariat avec des acteurs industriels innovants nous permettent de r\u00e9duire 50% nos d\u00e9chets. Ecoconcevoir. Ecoproduire. Nos produits sont syst\u00e9matiquement \u00e9tudi\u00e9s et fabriqu\u00e9s avec la volont\u00e9 de pouvoir les [&hellip;]","og_url":"https:\/\/ecofelt.fr\/fr\/production\/","og_site_name":"Ecofelt","article_modified_time":"2025-03-27T13:54:19+00:00","og_image":[{"url":"https:\/\/ecofelt.fr\/wp-content\/uploads\/2023\/09\/production-02.webp","type":"","width":"","height":""}],"twitter_card":"summary_large_image","twitter_misc":{"Dur\u00e9e de lecture estim\u00e9e":"2 minutes"},"schema":{"@context":"https:\/\/schema.org","@graph":[{"@type":"WebPage","@id":"https:\/\/ecofelt.fr\/fr\/production\/","url":"https:\/\/ecofelt.fr\/fr\/production\/","name":"Production - Ecofelt","isPartOf":{"@id":"https:\/\/ecofelt.fr\/fr\/#website"},"primaryImageOfPage":{"@id":"https:\/\/ecofelt.fr\/fr\/production\/#primaryimage"},"image":{"@id":"https:\/\/ecofelt.fr\/fr\/production\/#primaryimage"},"thumbnailUrl":"https:\/\/ecofelt.fr\/wp-content\/uploads\/2023\/09\/production-02.webp","datePublished":"2023-07-24T07:50:43+00:00","dateModified":"2025-03-27T13:54:19+00:00","breadcrumb":{"@id":"https:\/\/ecofelt.fr\/fr\/production\/#breadcrumb"},"inLanguage":"fr-FR","potentialAction":[{"@type":"ReadAction","target":["https:\/\/ecofelt.fr\/fr\/production\/"]}]},{"@type":"ImageObject","inLanguage":"fr-FR","@id":"https:\/\/ecofelt.fr\/fr\/production\/#primaryimage","url":"https:\/\/ecofelt.fr\/wp-content\/uploads\/2023\/09\/production-02.webp","contentUrl":"https:\/\/ecofelt.fr\/wp-content\/uploads\/2023\/09\/production-02.webp"},{"@type":"BreadcrumbList","@id":"https:\/\/ecofelt.fr\/fr\/production\/#breadcrumb","itemListElement":[{"@type":"ListItem","position":1,"name":"Accueil","item":"https:\/\/ecofelt.fr\/fr\/"},{"@type":"ListItem","position":2,"name":"Production"}]},{"@type":"WebSite","@id":"https:\/\/ecofelt.fr\/fr\/#website","url":"https:\/\/ecofelt.fr\/fr\/","name":"Ecofelt","description":"Pour des non-tiss\u00e9s \u00e0 impact positif","publisher":{"@id":"https:\/\/ecofelt.fr\/fr\/#organization"},"potentialAction":[{"@type":"SearchAction","target":{"@type":"EntryPoint","urlTemplate":"https:\/\/ecofelt.fr\/fr\/?s={search_term_string}"},"query-input":{"@type":"PropertyValueSpecification","valueRequired":true,"valueName":"search_term_string"}}],"inLanguage":"fr-FR"},{"@type":"Organization","@id":"https:\/\/ecofelt.fr\/fr\/#organization","name":"Ecofelt","url":"https:\/\/ecofelt.fr\/fr\/","logo":{"@type":"ImageObject","inLanguage":"fr-FR","@id":"https:\/\/ecofelt.fr\/fr\/#\/schema\/logo\/image\/","url":"https:\/\/ecofelt.fr\/wp-content\/uploads\/2023\/07\/ecofelt-logo.svg","contentUrl":"https:\/\/ecofelt.fr\/wp-content\/uploads\/2023\/07\/ecofelt-logo.svg","width":539,"height":124,"caption":"Ecofelt"},"image":{"@id":"https:\/\/ecofelt.fr\/fr\/#\/schema\/logo\/image\/"}}]}},"_links":{"self":[{"href":"https:\/\/ecofelt.fr\/fr\/wp-json\/wp\/v2\/pages\/19","targetHints":{"allow":["GET"]}}],"collection":[{"href":"https:\/\/ecofelt.fr\/fr\/wp-json\/wp\/v2\/pages"}],"about":[{"href":"https:\/\/ecofelt.fr\/fr\/wp-json\/wp\/v2\/types\/page"}],"author":[{"embeddable":true,"href":"https:\/\/ecofelt.fr\/fr\/wp-json\/wp\/v2\/users\/1"}],"replies":[{"embeddable":true,"href":"https:\/\/ecofelt.fr\/fr\/wp-json\/wp\/v2\/comments?post=19"}],"version-history":[{"count":40,"href":"https:\/\/ecofelt.fr\/fr\/wp-json\/wp\/v2\/pages\/19\/revisions"}],"predecessor-version":[{"id":550,"href":"https:\/\/ecofelt.fr\/fr\/wp-json\/wp\/v2\/pages\/19\/revisions\/550"}],"wp:attachment":[{"href":"https:\/\/ecofelt.fr\/fr\/wp-json\/wp\/v2\/media?parent=19"}],"curies":[{"name":"wp","href":"https:\/\/api.w.org\/{rel}","templated":true}]}}