{"id":17,"date":"2023-07-24T09:50:34","date_gmt":"2023-07-24T07:50:34","guid":{"rendered":"https:\/\/ecofelt.vanoweb.fr\/?page_id=17"},"modified":"2023-09-18T12:15:26","modified_gmt":"2023-09-18T10:15:26","slug":"achats-ressources","status":"publish","type":"page","link":"https:\/\/ecofelt.fr\/fr\/achats-ressources\/","title":{"rendered":"Achats \/ Ressources"},"content":{"rendered":"\t\t<div data-elementor-type=\"wp-page\" data-elementor-id=\"17\" class=\"elementor elementor-17\" data-elementor-post-type=\"page\">\n\t\t\t\t<div class=\"elementor-element elementor-element-598a76d e-flex e-con-boxed e-con e-parent\" data-id=\"598a76d\" data-element_type=\"container\" data-settings=\"{&quot;background_background&quot;:&quot;classic&quot;,&quot;_ob_use_container_extras&quot;:&quot;no&quot;,&quot;_ob_column_hoveranimator&quot;:&quot;no&quot;,&quot;_ob_glider_is_slider&quot;:&quot;no&quot;,&quot;_ob_column_has_pseudo&quot;:&quot;no&quot;}\">\n\t\t\t\t\t<div class=\"e-con-inner\">\n\t\t\t\t<div class=\"elementor-element elementor-element-98571c8 ob-harakiri-inherit ob-has-background-overlay elementor-widget elementor-widget-heading\" data-id=\"98571c8\" data-element_type=\"widget\" data-settings=\"{&quot;_ob_use_harakiri&quot;:&quot;yes&quot;,&quot;_ob_harakiri_writing_mode&quot;:&quot;inherit&quot;,&quot;_ob_harakiri_text_clip&quot;:&quot;none&quot;,&quot;_ob_widget_stalker_use&quot;:&quot;no&quot;,&quot;_ob_poopart_use&quot;:&quot;yes&quot;,&quot;_ob_shadough_use&quot;:&quot;no&quot;,&quot;_ob_allow_hoveranimator&quot;:&quot;no&quot;}\" data-widget_type=\"heading.default\">\n\t\t\t\t<div class=\"elementor-widget-container\">\n\t\t\t\t\t<h1 class=\"elementor-heading-title elementor-size-default\">Achats \/ Ressources<\/h1>\t\t\t\t<\/div>\n\t\t\t\t<\/div>\n\t\t\t\t\t<\/div>\n\t\t\t\t<\/div>\n\t\t<div class=\"elementor-element elementor-element-d8a7455 e-flex e-con-boxed e-con e-parent\" data-id=\"d8a7455\" data-element_type=\"container\" data-settings=\"{&quot;_ob_use_container_extras&quot;:&quot;no&quot;,&quot;_ob_column_hoveranimator&quot;:&quot;no&quot;,&quot;_ob_glider_is_slider&quot;:&quot;no&quot;,&quot;_ob_column_has_pseudo&quot;:&quot;no&quot;}\">\n\t\t\t\t\t<div class=\"e-con-inner\">\n\t\t<div class=\"elementor-element elementor-element-d4f9efc e-con-full e-flex e-con e-child\" data-id=\"d4f9efc\" data-element_type=\"container\" data-settings=\"{&quot;_ob_use_container_extras&quot;:&quot;no&quot;,&quot;_ob_column_hoveranimator&quot;:&quot;no&quot;,&quot;_ob_glider_is_slider&quot;:&quot;no&quot;,&quot;_ob_column_has_pseudo&quot;:&quot;no&quot;}\">\n\t\t\t\t<div class=\"elementor-element elementor-element-b621889 ob-harakiri-inherit ob-has-background-overlay elementor-widget elementor-widget-heading\" data-id=\"b621889\" data-element_type=\"widget\" data-settings=\"{&quot;_ob_use_harakiri&quot;:&quot;yes&quot;,&quot;_ob_harakiri_writing_mode&quot;:&quot;inherit&quot;,&quot;_ob_harakiri_text_clip&quot;:&quot;none&quot;,&quot;_ob_widget_stalker_use&quot;:&quot;no&quot;,&quot;_ob_poopart_use&quot;:&quot;yes&quot;,&quot;_ob_shadough_use&quot;:&quot;no&quot;,&quot;_ob_allow_hoveranimator&quot;:&quot;no&quot;}\" data-widget_type=\"heading.default\">\n\t\t\t\t<div class=\"elementor-widget-container\">\n\t\t\t\t\t<h2 class=\"elementor-heading-title elementor-size-default\">Mati\u00e8re pr\u00e9cieuse parce que recycl\u00e9e<\/h2>\t\t\t\t<\/div>\n\t\t\t\t<\/div>\n\t\t\t\t<div class=\"elementor-element elementor-element-8c1099d ob-harakiri-inherit ob-has-background-overlay elementor-widget elementor-widget-text-editor\" data-id=\"8c1099d\" data-element_type=\"widget\" data-settings=\"{&quot;_ob_use_harakiri&quot;:&quot;yes&quot;,&quot;_ob_harakiri_writing_mode&quot;:&quot;inherit&quot;,&quot;_ob_postman_use&quot;:&quot;no&quot;,&quot;_ob_widget_stalker_use&quot;:&quot;no&quot;,&quot;_ob_poopart_use&quot;:&quot;yes&quot;,&quot;_ob_shadough_use&quot;:&quot;no&quot;,&quot;_ob_allow_hoveranimator&quot;:&quot;no&quot;}\" data-widget_type=\"text-editor.default\">\n\t\t\t\t<div class=\"elementor-widget-container\">\n\t\t\t\t\t\t\t\t\t<p>Nouveau gage de qualit\u00e9. L\u2019achat de mati\u00e8res premi\u00e8res issues de la fili\u00e8re recycl\u00e9e est en constante \u00e9volution. Les performances de cette mati\u00e8re devenue aussi pr\u00e9cieuse que vertueuse sont d\u00e9sormais reconnues et accept\u00e9es.<\/p><p><a href=\"https:\/\/duflot.com\/fr\/recherche-et-developpement\/\" target=\"_blank\" rel=\"noopener\"><u>Les ing\u00e9nieurs de notre laboratoire<\/u><\/a> n\u2019ont de cesse de chercher, tester et d\u00e9ployer des solutions et combinaisons de mat\u00e9riaux permettant d\u2019atteindre, en toutes circonstances, les performances attendues tout en pr\u00e9servant chaque ressource.<\/p>\t\t\t\t\t\t\t\t<\/div>\n\t\t\t\t<\/div>\n\t\t\t\t<\/div>\n\t\t<div class=\"elementor-element elementor-element-42b87ef e-con-full e-flex e-con e-child\" data-id=\"42b87ef\" data-element_type=\"container\" data-settings=\"{&quot;_ob_use_container_extras&quot;:&quot;no&quot;,&quot;_ob_column_hoveranimator&quot;:&quot;no&quot;,&quot;_ob_glider_is_slider&quot;:&quot;no&quot;,&quot;_ob_column_has_pseudo&quot;:&quot;no&quot;}\">\n\t\t\t\t<div class=\"elementor-element elementor-element-b90868e ob-has-background-overlay elementor-widget elementor-widget-image\" data-id=\"b90868e\" data-element_type=\"widget\" data-settings=\"{&quot;_ob_photomorph_use&quot;:&quot;no&quot;,&quot;_ob_widget_stalker_use&quot;:&quot;no&quot;,&quot;_ob_poopart_use&quot;:&quot;yes&quot;,&quot;_ob_shadough_use&quot;:&quot;no&quot;,&quot;_ob_allow_hoveranimator&quot;:&quot;no&quot;}\" data-widget_type=\"image.default\">\n\t\t\t\t<div class=\"elementor-widget-container\">\n\t\t\t\t\t\t\t\t\t\t\t\t\t\t\t<img fetchpriority=\"high\" decoding=\"async\" width=\"700\" height=\"700\" src=\"https:\/\/ecofelt.fr\/wp-content\/uploads\/2023\/09\/achats-ressources-02.webp\" class=\"attachment-large size-large wp-image-306\" alt=\"\" srcset=\"https:\/\/ecofelt.fr\/wp-content\/uploads\/2023\/09\/achats-ressources-02.webp 700w, https:\/\/ecofelt.fr\/wp-content\/uploads\/2023\/09\/achats-ressources-02-300x300.webp 300w, https:\/\/ecofelt.fr\/wp-content\/uploads\/2023\/09\/achats-ressources-02-150x150.webp 150w\" sizes=\"(max-width: 700px) 100vw, 700px\" \/>\t\t\t\t\t\t\t\t\t\t\t\t\t\t\t<\/div>\n\t\t\t\t<\/div>\n\t\t\t\t<\/div>\n\t\t\t\t\t<\/div>\n\t\t\t\t<\/div>\n\t\t<div class=\"elementor-element elementor-element-3c62b80 e-flex e-con-boxed e-con e-parent\" data-id=\"3c62b80\" data-element_type=\"container\" data-settings=\"{&quot;_ob_use_container_extras&quot;:&quot;no&quot;,&quot;_ob_column_hoveranimator&quot;:&quot;no&quot;,&quot;_ob_glider_is_slider&quot;:&quot;no&quot;,&quot;_ob_column_has_pseudo&quot;:&quot;no&quot;}\">\n\t\t\t\t\t<div class=\"e-con-inner\">\n\t\t<div class=\"elementor-element elementor-element-924dc05 e-con-full e-flex e-con e-child\" data-id=\"924dc05\" data-element_type=\"container\" data-settings=\"{&quot;_ob_use_container_extras&quot;:&quot;no&quot;,&quot;_ob_column_hoveranimator&quot;:&quot;no&quot;,&quot;_ob_glider_is_slider&quot;:&quot;no&quot;,&quot;_ob_column_has_pseudo&quot;:&quot;no&quot;}\">\n\t\t\t\t<div class=\"elementor-element elementor-element-bf6ea42 ob-harakiri-inherit ob-has-background-overlay elementor-widget elementor-widget-heading\" data-id=\"bf6ea42\" data-element_type=\"widget\" data-settings=\"{&quot;_ob_use_harakiri&quot;:&quot;yes&quot;,&quot;_ob_harakiri_writing_mode&quot;:&quot;inherit&quot;,&quot;_ob_harakiri_text_clip&quot;:&quot;none&quot;,&quot;_ob_widget_stalker_use&quot;:&quot;no&quot;,&quot;_ob_poopart_use&quot;:&quot;yes&quot;,&quot;_ob_shadough_use&quot;:&quot;no&quot;,&quot;_ob_allow_hoveranimator&quot;:&quot;no&quot;}\" data-widget_type=\"heading.default\">\n\t\t\t\t<div class=\"elementor-widget-container\">\n\t\t\t\t\t<h2 class=\"elementor-heading-title elementor-size-default\">Isoler. Prot\u00e9ger. Pr\u00e9server.<\/h2>\t\t\t\t<\/div>\n\t\t\t\t<\/div>\n\t\t\t\t<div class=\"elementor-element elementor-element-f4e0fdb ob-harakiri-inherit ob-has-background-overlay elementor-widget elementor-widget-text-editor\" data-id=\"f4e0fdb\" data-element_type=\"widget\" data-settings=\"{&quot;_ob_use_harakiri&quot;:&quot;yes&quot;,&quot;_ob_harakiri_writing_mode&quot;:&quot;inherit&quot;,&quot;_ob_postman_use&quot;:&quot;no&quot;,&quot;_ob_widget_stalker_use&quot;:&quot;no&quot;,&quot;_ob_poopart_use&quot;:&quot;yes&quot;,&quot;_ob_shadough_use&quot;:&quot;no&quot;,&quot;_ob_allow_hoveranimator&quot;:&quot;no&quot;}\" data-widget_type=\"text-editor.default\">\n\t\t\t\t<div class=\"elementor-widget-container\">\n\t\t\t\t\t\t\t\t\t<p>Dans le secteur du <a href=\"https:\/\/duflot.com\/fr\/secteurs-d-activite\/batiment-et-construction\/\" target=\"_blank\" rel=\"noopener\"><u>b\u00e2timent<\/u><\/a>, pour les sols ou l\u2019isolation il est courant de recourir \u00e0 des non-tiss\u00e9s techniques et vertueux \u00e0 la fois.<\/p>\n<p>Dans les applications techniques, les fibres de para-aramide, contenues dans les gilets par balle r\u00e9form\u00e9s, peuvent \u00eatre r\u00e9employ\u00e9s dans la confection des <a href=\"https:\/\/duflot.com\/fr\/secteurs-d-activite\/equipements-de-protection-individuelle-et-securite\/\" target=\"_blank\" rel=\"noopener\"><u>Equipements de Protection Individuelle<\/u><\/a>.<\/p>\t\t\t\t\t\t\t\t<\/div>\n\t\t\t\t<\/div>\n\t\t\t\t<\/div>\n\t\t<div class=\"elementor-element elementor-element-dc6b3d2 e-con-full e-flex e-con e-child\" data-id=\"dc6b3d2\" data-element_type=\"container\" data-settings=\"{&quot;_ob_use_container_extras&quot;:&quot;no&quot;,&quot;_ob_column_hoveranimator&quot;:&quot;no&quot;,&quot;_ob_glider_is_slider&quot;:&quot;no&quot;,&quot;_ob_column_has_pseudo&quot;:&quot;no&quot;}\">\n\t\t\t\t<div class=\"elementor-element elementor-element-427346d ob-has-background-overlay elementor-widget elementor-widget-image\" data-id=\"427346d\" data-element_type=\"widget\" data-settings=\"{&quot;_ob_photomorph_use&quot;:&quot;no&quot;,&quot;_ob_widget_stalker_use&quot;:&quot;no&quot;,&quot;_ob_poopart_use&quot;:&quot;yes&quot;,&quot;_ob_shadough_use&quot;:&quot;no&quot;,&quot;_ob_allow_hoveranimator&quot;:&quot;no&quot;}\" data-widget_type=\"image.default\">\n\t\t\t\t<div class=\"elementor-widget-container\">\n\t\t\t\t\t\t\t\t\t\t\t\t\t\t\t<img decoding=\"async\" width=\"700\" height=\"700\" src=\"https:\/\/ecofelt.fr\/wp-content\/uploads\/2023\/09\/achats-ressources-01.webp\" class=\"attachment-large size-large wp-image-307\" alt=\"\" srcset=\"https:\/\/ecofelt.fr\/wp-content\/uploads\/2023\/09\/achats-ressources-01.webp 700w, https:\/\/ecofelt.fr\/wp-content\/uploads\/2023\/09\/achats-ressources-01-300x300.webp 300w, https:\/\/ecofelt.fr\/wp-content\/uploads\/2023\/09\/achats-ressources-01-150x150.webp 150w\" sizes=\"(max-width: 700px) 100vw, 700px\" \/>\t\t\t\t\t\t\t\t\t\t\t\t\t\t\t<\/div>\n\t\t\t\t<\/div>\n\t\t\t\t<\/div>\n\t\t\t\t\t<\/div>\n\t\t\t\t<\/div>\n\t\t<div class=\"elementor-element elementor-element-665f036 e-flex e-con-boxed e-con e-parent\" data-id=\"665f036\" data-element_type=\"container\" data-settings=\"{&quot;_ob_use_container_extras&quot;:&quot;no&quot;,&quot;_ob_column_hoveranimator&quot;:&quot;no&quot;,&quot;_ob_glider_is_slider&quot;:&quot;no&quot;,&quot;_ob_column_has_pseudo&quot;:&quot;no&quot;}\">\n\t\t\t\t\t<div class=\"e-con-inner\">\n\t\t\t\t<div class=\"elementor-element elementor-element-251507e elementor-align-center ob-has-background-overlay elementor-widget elementor-widget-button\" data-id=\"251507e\" data-element_type=\"widget\" data-settings=\"{&quot;_ob_butterbutton_use_it&quot;:&quot;no&quot;,&quot;_ob_widget_stalker_use&quot;:&quot;no&quot;,&quot;_ob_poopart_use&quot;:&quot;yes&quot;,&quot;_ob_shadough_use&quot;:&quot;no&quot;,&quot;_ob_allow_hoveranimator&quot;:&quot;no&quot;}\" data-widget_type=\"button.default\">\n\t\t\t\t<div class=\"elementor-widget-container\">\n\t\t\t\t\t\t\t\t\t<div class=\"elementor-button-wrapper\">\n\t\t\t\t\t<a class=\"elementor-button elementor-button-link elementor-size-sm\" href=\"https:\/\/duflot.com\/fr\/\" target=\"_blank\">\n\t\t\t\t\t\t<span class=\"elementor-button-content-wrapper\">\n\t\t\t\t\t\t<span class=\"elementor-button-icon\">\n\t\t\t\t<svg xmlns=\"http:\/\/www.w3.org\/2000\/svg\" xmlns:xlink=\"http:\/\/www.w3.org\/1999\/xlink\" id=\"Calque_1\" x=\"0px\" y=\"0px\" viewBox=\"0 0 10 10\" style=\"enable-background:new 0 0 10 10;\" xml:space=\"preserve\"><style type=\"text\/css\">\t.st0{fill:#FFFFFF;}<\/style><path class=\"st0\" d=\"M9.8,4.5l-4-4c-0.3-0.3-0.7-0.3-0.9,0c-0.3,0.3-0.3,0.7,0,0.9l2.9,2.9H0.7C0.3,4.3,0,4.6,0,4.9 c0,0.4,0.3,0.7,0.7,0.7h7.1L4.9,8.5c-0.3,0.3-0.3,0.7,0,0.9C5,9.6,5.2,9.6,5.3,9.6c0.2,0,0.3-0.1,0.5-0.2l4-4 C10.1,5.2,10.1,4.7,9.8,4.5z\"><\/path><\/svg>\t\t\t<\/span>\n\t\t\t\t\t\t\t\t\t<span class=\"elementor-button-text\">Duflot.com<\/span>\n\t\t\t\t\t<\/span>\n\t\t\t\t\t<\/a>\n\t\t\t\t<\/div>\n\t\t\t\t\t\t\t\t<\/div>\n\t\t\t\t<\/div>\n\t\t\t\t\t<\/div>\n\t\t\t\t<\/div>\n\t\t\t\t<\/div>\n\t\t","protected":false},"excerpt":{"rendered":"<p>Achats \/ Ressources Mati\u00e8re pr\u00e9cieuse parce que recycl\u00e9e Nouveau gage de qualit\u00e9. L\u2019achat de mati\u00e8res premi\u00e8res issues de la fili\u00e8re recycl\u00e9e est en constante \u00e9volution. Les performances de cette mati\u00e8re devenue aussi pr\u00e9cieuse que vertueuse sont d\u00e9sormais reconnues et accept\u00e9es. Les ing\u00e9nieurs de notre laboratoire n\u2019ont de cesse de chercher, tester et d\u00e9ployer des solutions [&hellip;]<\/p>\n","protected":false},"author":1,"featured_media":0,"parent":0,"menu_order":0,"comment_status":"closed","ping_status":"closed","template":"","meta":{"footnotes":""},"class_list":["post-17","page","type-page","status-publish","hentry"],"yoast_head":"<!-- This site is optimized with the Yoast SEO plugin v26.8 - https:\/\/yoast.com\/product\/yoast-seo-wordpress\/ -->\n<title>Achats \/ Ressources - Ecofelt<\/title>\n<meta name=\"robots\" content=\"index, follow, max-snippet:-1, max-image-preview:large, max-video-preview:-1\" \/>\n<link rel=\"canonical\" href=\"https:\/\/ecofelt.fr\/fr\/achats-ressources\/\" \/>\n<meta property=\"og:locale\" content=\"fr_FR\" \/>\n<meta property=\"og:type\" content=\"article\" \/>\n<meta property=\"og:title\" content=\"Achats \/ Ressources - Ecofelt\" \/>\n<meta property=\"og:description\" content=\"Achats \/ Ressources Mati\u00e8re pr\u00e9cieuse parce que recycl\u00e9e Nouveau gage de qualit\u00e9. L\u2019achat de mati\u00e8res premi\u00e8res issues de la fili\u00e8re recycl\u00e9e est en constante \u00e9volution. Les performances de cette mati\u00e8re devenue aussi pr\u00e9cieuse que vertueuse sont d\u00e9sormais reconnues et accept\u00e9es. Les ing\u00e9nieurs de notre laboratoire n\u2019ont de cesse de chercher, tester et d\u00e9ployer des solutions [&hellip;]\" \/>\n<meta property=\"og:url\" content=\"https:\/\/ecofelt.fr\/fr\/achats-ressources\/\" \/>\n<meta property=\"og:site_name\" content=\"Ecofelt\" \/>\n<meta property=\"article:modified_time\" content=\"2023-09-18T10:15:26+00:00\" \/>\n<meta property=\"og:image\" content=\"https:\/\/ecofelt.fr\/wp-content\/uploads\/2023\/09\/achats-ressources-02.webp\" \/>\n<meta name=\"twitter:card\" content=\"summary_large_image\" \/>\n<meta name=\"twitter:label1\" content=\"Dur\u00e9e de lecture estim\u00e9e\" \/>\n\t<meta name=\"twitter:data1\" content=\"2 minutes\" \/>\n<script type=\"application\/ld+json\" class=\"yoast-schema-graph\">{\"@context\":\"https:\/\/schema.org\",\"@graph\":[{\"@type\":\"WebPage\",\"@id\":\"https:\/\/ecofelt.fr\/fr\/achats-ressources\/\",\"url\":\"https:\/\/ecofelt.fr\/fr\/achats-ressources\/\",\"name\":\"Achats \/ Ressources - Ecofelt\",\"isPartOf\":{\"@id\":\"https:\/\/ecofelt.fr\/fr\/#website\"},\"primaryImageOfPage\":{\"@id\":\"https:\/\/ecofelt.fr\/fr\/achats-ressources\/#primaryimage\"},\"image\":{\"@id\":\"https:\/\/ecofelt.fr\/fr\/achats-ressources\/#primaryimage\"},\"thumbnailUrl\":\"https:\/\/ecofelt.fr\/wp-content\/uploads\/2023\/09\/achats-ressources-02.webp\",\"datePublished\":\"2023-07-24T07:50:34+00:00\",\"dateModified\":\"2023-09-18T10:15:26+00:00\",\"breadcrumb\":{\"@id\":\"https:\/\/ecofelt.fr\/fr\/achats-ressources\/#breadcrumb\"},\"inLanguage\":\"fr-FR\",\"potentialAction\":[{\"@type\":\"ReadAction\",\"target\":[\"https:\/\/ecofelt.fr\/fr\/achats-ressources\/\"]}]},{\"@type\":\"ImageObject\",\"inLanguage\":\"fr-FR\",\"@id\":\"https:\/\/ecofelt.fr\/fr\/achats-ressources\/#primaryimage\",\"url\":\"https:\/\/ecofelt.fr\/wp-content\/uploads\/2023\/09\/achats-ressources-02.webp\",\"contentUrl\":\"https:\/\/ecofelt.fr\/wp-content\/uploads\/2023\/09\/achats-ressources-02.webp\"},{\"@type\":\"BreadcrumbList\",\"@id\":\"https:\/\/ecofelt.fr\/fr\/achats-ressources\/#breadcrumb\",\"itemListElement\":[{\"@type\":\"ListItem\",\"position\":1,\"name\":\"Accueil\",\"item\":\"https:\/\/ecofelt.fr\/fr\/\"},{\"@type\":\"ListItem\",\"position\":2,\"name\":\"Achats \/ Ressources\"}]},{\"@type\":\"WebSite\",\"@id\":\"https:\/\/ecofelt.fr\/fr\/#website\",\"url\":\"https:\/\/ecofelt.fr\/fr\/\",\"name\":\"Ecofelt\",\"description\":\"Pour des non-tiss\u00e9s \u00e0 impact positif\",\"publisher\":{\"@id\":\"https:\/\/ecofelt.fr\/fr\/#organization\"},\"potentialAction\":[{\"@type\":\"SearchAction\",\"target\":{\"@type\":\"EntryPoint\",\"urlTemplate\":\"https:\/\/ecofelt.fr\/fr\/?s={search_term_string}\"},\"query-input\":{\"@type\":\"PropertyValueSpecification\",\"valueRequired\":true,\"valueName\":\"search_term_string\"}}],\"inLanguage\":\"fr-FR\"},{\"@type\":\"Organization\",\"@id\":\"https:\/\/ecofelt.fr\/fr\/#organization\",\"name\":\"Ecofelt\",\"url\":\"https:\/\/ecofelt.fr\/fr\/\",\"logo\":{\"@type\":\"ImageObject\",\"inLanguage\":\"fr-FR\",\"@id\":\"https:\/\/ecofelt.fr\/fr\/#\/schema\/logo\/image\/\",\"url\":\"https:\/\/ecofelt.fr\/wp-content\/uploads\/2023\/07\/ecofelt-logo.svg\",\"contentUrl\":\"https:\/\/ecofelt.fr\/wp-content\/uploads\/2023\/07\/ecofelt-logo.svg\",\"width\":539,\"height\":124,\"caption\":\"Ecofelt\"},\"image\":{\"@id\":\"https:\/\/ecofelt.fr\/fr\/#\/schema\/logo\/image\/\"}}]}<\/script>\n<!-- \/ Yoast SEO plugin. -->","yoast_head_json":{"title":"Achats \/ Ressources - Ecofelt","robots":{"index":"index","follow":"follow","max-snippet":"max-snippet:-1","max-image-preview":"max-image-preview:large","max-video-preview":"max-video-preview:-1"},"canonical":"https:\/\/ecofelt.fr\/fr\/achats-ressources\/","og_locale":"fr_FR","og_type":"article","og_title":"Achats \/ Ressources - Ecofelt","og_description":"Achats \/ Ressources Mati\u00e8re pr\u00e9cieuse parce que recycl\u00e9e Nouveau gage de qualit\u00e9. L\u2019achat de mati\u00e8res premi\u00e8res issues de la fili\u00e8re recycl\u00e9e est en constante \u00e9volution. Les performances de cette mati\u00e8re devenue aussi pr\u00e9cieuse que vertueuse sont d\u00e9sormais reconnues et accept\u00e9es. Les ing\u00e9nieurs de notre laboratoire n\u2019ont de cesse de chercher, tester et d\u00e9ployer des solutions [&hellip;]","og_url":"https:\/\/ecofelt.fr\/fr\/achats-ressources\/","og_site_name":"Ecofelt","article_modified_time":"2023-09-18T10:15:26+00:00","og_image":[{"url":"https:\/\/ecofelt.fr\/wp-content\/uploads\/2023\/09\/achats-ressources-02.webp","type":"","width":"","height":""}],"twitter_card":"summary_large_image","twitter_misc":{"Dur\u00e9e de lecture estim\u00e9e":"2 minutes"},"schema":{"@context":"https:\/\/schema.org","@graph":[{"@type":"WebPage","@id":"https:\/\/ecofelt.fr\/fr\/achats-ressources\/","url":"https:\/\/ecofelt.fr\/fr\/achats-ressources\/","name":"Achats \/ Ressources - Ecofelt","isPartOf":{"@id":"https:\/\/ecofelt.fr\/fr\/#website"},"primaryImageOfPage":{"@id":"https:\/\/ecofelt.fr\/fr\/achats-ressources\/#primaryimage"},"image":{"@id":"https:\/\/ecofelt.fr\/fr\/achats-ressources\/#primaryimage"},"thumbnailUrl":"https:\/\/ecofelt.fr\/wp-content\/uploads\/2023\/09\/achats-ressources-02.webp","datePublished":"2023-07-24T07:50:34+00:00","dateModified":"2023-09-18T10:15:26+00:00","breadcrumb":{"@id":"https:\/\/ecofelt.fr\/fr\/achats-ressources\/#breadcrumb"},"inLanguage":"fr-FR","potentialAction":[{"@type":"ReadAction","target":["https:\/\/ecofelt.fr\/fr\/achats-ressources\/"]}]},{"@type":"ImageObject","inLanguage":"fr-FR","@id":"https:\/\/ecofelt.fr\/fr\/achats-ressources\/#primaryimage","url":"https:\/\/ecofelt.fr\/wp-content\/uploads\/2023\/09\/achats-ressources-02.webp","contentUrl":"https:\/\/ecofelt.fr\/wp-content\/uploads\/2023\/09\/achats-ressources-02.webp"},{"@type":"BreadcrumbList","@id":"https:\/\/ecofelt.fr\/fr\/achats-ressources\/#breadcrumb","itemListElement":[{"@type":"ListItem","position":1,"name":"Accueil","item":"https:\/\/ecofelt.fr\/fr\/"},{"@type":"ListItem","position":2,"name":"Achats \/ Ressources"}]},{"@type":"WebSite","@id":"https:\/\/ecofelt.fr\/fr\/#website","url":"https:\/\/ecofelt.fr\/fr\/","name":"Ecofelt","description":"Pour des non-tiss\u00e9s \u00e0 impact positif","publisher":{"@id":"https:\/\/ecofelt.fr\/fr\/#organization"},"potentialAction":[{"@type":"SearchAction","target":{"@type":"EntryPoint","urlTemplate":"https:\/\/ecofelt.fr\/fr\/?s={search_term_string}"},"query-input":{"@type":"PropertyValueSpecification","valueRequired":true,"valueName":"search_term_string"}}],"inLanguage":"fr-FR"},{"@type":"Organization","@id":"https:\/\/ecofelt.fr\/fr\/#organization","name":"Ecofelt","url":"https:\/\/ecofelt.fr\/fr\/","logo":{"@type":"ImageObject","inLanguage":"fr-FR","@id":"https:\/\/ecofelt.fr\/fr\/#\/schema\/logo\/image\/","url":"https:\/\/ecofelt.fr\/wp-content\/uploads\/2023\/07\/ecofelt-logo.svg","contentUrl":"https:\/\/ecofelt.fr\/wp-content\/uploads\/2023\/07\/ecofelt-logo.svg","width":539,"height":124,"caption":"Ecofelt"},"image":{"@id":"https:\/\/ecofelt.fr\/fr\/#\/schema\/logo\/image\/"}}]}},"_links":{"self":[{"href":"https:\/\/ecofelt.fr\/fr\/wp-json\/wp\/v2\/pages\/17","targetHints":{"allow":["GET"]}}],"collection":[{"href":"https:\/\/ecofelt.fr\/fr\/wp-json\/wp\/v2\/pages"}],"about":[{"href":"https:\/\/ecofelt.fr\/fr\/wp-json\/wp\/v2\/types\/page"}],"author":[{"embeddable":true,"href":"https:\/\/ecofelt.fr\/fr\/wp-json\/wp\/v2\/users\/1"}],"replies":[{"embeddable":true,"href":"https:\/\/ecofelt.fr\/fr\/wp-json\/wp\/v2\/comments?post=17"}],"version-history":[{"count":43,"href":"https:\/\/ecofelt.fr\/fr\/wp-json\/wp\/v2\/pages\/17\/revisions"}],"predecessor-version":[{"id":389,"href":"https:\/\/ecofelt.fr\/fr\/wp-json\/wp\/v2\/pages\/17\/revisions\/389"}],"wp:attachment":[{"href":"https:\/\/ecofelt.fr\/fr\/wp-json\/wp\/v2\/media?parent=17"}],"curies":[{"name":"wp","href":"https:\/\/api.w.org\/{rel}","templated":true}]}}