{"id":15,"date":"2023-07-24T09:50:25","date_gmt":"2023-07-24T07:50:25","guid":{"rendered":"https:\/\/ecofelt.vanoweb.fr\/?page_id=15"},"modified":"2023-09-18T12:16:26","modified_gmt":"2023-09-18T10:16:26","slug":"rd","status":"publish","type":"page","link":"https:\/\/ecofelt.fr\/fr\/rd\/","title":{"rendered":"R&#038;D"},"content":{"rendered":"\t\t<div data-elementor-type=\"wp-page\" data-elementor-id=\"15\" class=\"elementor elementor-15\" data-elementor-post-type=\"page\">\n\t\t\t\t<div class=\"elementor-element elementor-element-69d7d34 e-flex e-con-boxed e-con e-parent\" data-id=\"69d7d34\" data-element_type=\"container\" data-settings=\"{&quot;background_background&quot;:&quot;classic&quot;,&quot;_ob_use_container_extras&quot;:&quot;no&quot;,&quot;_ob_column_hoveranimator&quot;:&quot;no&quot;,&quot;_ob_glider_is_slider&quot;:&quot;no&quot;,&quot;_ob_column_has_pseudo&quot;:&quot;no&quot;}\">\n\t\t\t\t\t<div class=\"e-con-inner\">\n\t\t\t\t<div class=\"elementor-element elementor-element-8576eba ob-harakiri-inherit ob-has-background-overlay elementor-widget elementor-widget-heading\" data-id=\"8576eba\" data-element_type=\"widget\" data-settings=\"{&quot;_ob_use_harakiri&quot;:&quot;yes&quot;,&quot;_ob_harakiri_writing_mode&quot;:&quot;inherit&quot;,&quot;_ob_harakiri_text_clip&quot;:&quot;none&quot;,&quot;_ob_widget_stalker_use&quot;:&quot;no&quot;,&quot;_ob_poopart_use&quot;:&quot;yes&quot;,&quot;_ob_shadough_use&quot;:&quot;no&quot;,&quot;_ob_allow_hoveranimator&quot;:&quot;no&quot;}\" data-widget_type=\"heading.default\">\n\t\t\t\t<div class=\"elementor-widget-container\">\n\t\t\t\t\t<h1 class=\"elementor-heading-title elementor-size-default\">Recherche &amp; D\u00e9veloppement<\/h1>\t\t\t\t<\/div>\n\t\t\t\t<\/div>\n\t\t\t\t\t<\/div>\n\t\t\t\t<\/div>\n\t\t<div class=\"elementor-element elementor-element-89aa3c5 e-flex e-con-boxed e-con e-parent\" data-id=\"89aa3c5\" data-element_type=\"container\" data-settings=\"{&quot;_ob_use_container_extras&quot;:&quot;no&quot;,&quot;_ob_column_hoveranimator&quot;:&quot;no&quot;,&quot;_ob_glider_is_slider&quot;:&quot;no&quot;,&quot;_ob_column_has_pseudo&quot;:&quot;no&quot;}\">\n\t\t\t\t\t<div class=\"e-con-inner\">\n\t\t<div class=\"elementor-element elementor-element-30c983a e-con-full e-flex e-con e-child\" data-id=\"30c983a\" data-element_type=\"container\" data-settings=\"{&quot;_ob_use_container_extras&quot;:&quot;no&quot;,&quot;_ob_column_hoveranimator&quot;:&quot;no&quot;,&quot;_ob_glider_is_slider&quot;:&quot;no&quot;,&quot;_ob_column_has_pseudo&quot;:&quot;no&quot;}\">\n\t\t\t\t<div class=\"elementor-element elementor-element-9d47c24 ob-harakiri-inherit ob-has-background-overlay elementor-widget elementor-widget-heading\" data-id=\"9d47c24\" data-element_type=\"widget\" data-settings=\"{&quot;_ob_use_harakiri&quot;:&quot;yes&quot;,&quot;_ob_harakiri_writing_mode&quot;:&quot;inherit&quot;,&quot;_ob_harakiri_text_clip&quot;:&quot;none&quot;,&quot;_ob_widget_stalker_use&quot;:&quot;no&quot;,&quot;_ob_poopart_use&quot;:&quot;yes&quot;,&quot;_ob_shadough_use&quot;:&quot;no&quot;,&quot;_ob_allow_hoveranimator&quot;:&quot;no&quot;}\" data-widget_type=\"heading.default\">\n\t\t\t\t<div class=\"elementor-widget-container\">\n\t\t\t\t\t<h2 class=\"elementor-heading-title elementor-size-default\">Plus avec moins<\/h2>\t\t\t\t<\/div>\n\t\t\t\t<\/div>\n\t\t\t\t<div class=\"elementor-element elementor-element-17bbfd7 ob-harakiri-inherit ob-has-background-overlay elementor-widget elementor-widget-text-editor\" data-id=\"17bbfd7\" data-element_type=\"widget\" data-settings=\"{&quot;_ob_use_harakiri&quot;:&quot;yes&quot;,&quot;_ob_harakiri_writing_mode&quot;:&quot;inherit&quot;,&quot;_ob_postman_use&quot;:&quot;no&quot;,&quot;_ob_widget_stalker_use&quot;:&quot;no&quot;,&quot;_ob_poopart_use&quot;:&quot;yes&quot;,&quot;_ob_shadough_use&quot;:&quot;no&quot;,&quot;_ob_allow_hoveranimator&quot;:&quot;no&quot;}\" data-widget_type=\"text-editor.default\">\n\t\t\t\t<div class=\"elementor-widget-container\">\n\t\t\t\t\t\t\t\t\t<p>En atteignant toujours les performances recquises, nous adaptons la masse surfacique du produit. Nous priorisons ainsi un gain de performance via l\u2019expertise process plut\u00f4t qu\u2019un ajout syst\u00e9matique de mati\u00e8re.<\/p>\t\t\t\t\t\t\t\t<\/div>\n\t\t\t\t<\/div>\n\t\t\t\t<\/div>\n\t\t<div class=\"elementor-element elementor-element-f5fae3b e-con-full e-flex e-con e-child\" data-id=\"f5fae3b\" data-element_type=\"container\" data-settings=\"{&quot;_ob_use_container_extras&quot;:&quot;no&quot;,&quot;_ob_column_hoveranimator&quot;:&quot;no&quot;,&quot;_ob_glider_is_slider&quot;:&quot;no&quot;,&quot;_ob_column_has_pseudo&quot;:&quot;no&quot;}\">\n\t\t\t\t<div class=\"elementor-element elementor-element-7965536 ob-has-background-overlay elementor-widget elementor-widget-image\" data-id=\"7965536\" data-element_type=\"widget\" data-settings=\"{&quot;_ob_photomorph_use&quot;:&quot;no&quot;,&quot;_ob_widget_stalker_use&quot;:&quot;no&quot;,&quot;_ob_poopart_use&quot;:&quot;yes&quot;,&quot;_ob_shadough_use&quot;:&quot;no&quot;,&quot;_ob_allow_hoveranimator&quot;:&quot;no&quot;}\" data-widget_type=\"image.default\">\n\t\t\t\t<div class=\"elementor-widget-container\">\n\t\t\t\t\t\t\t\t\t\t\t\t\t\t\t<img fetchpriority=\"high\" decoding=\"async\" width=\"700\" height=\"700\" src=\"https:\/\/ecofelt.fr\/wp-content\/uploads\/2023\/07\/repousser-les-limites.jpg\" class=\"attachment-large size-large wp-image-104\" alt=\"\" srcset=\"https:\/\/ecofelt.fr\/wp-content\/uploads\/2023\/07\/repousser-les-limites.jpg 700w, https:\/\/ecofelt.fr\/wp-content\/uploads\/2023\/07\/repousser-les-limites-300x300.jpg 300w, https:\/\/ecofelt.fr\/wp-content\/uploads\/2023\/07\/repousser-les-limites-150x150.jpg 150w\" sizes=\"(max-width: 700px) 100vw, 700px\" \/>\t\t\t\t\t\t\t\t\t\t\t\t\t\t\t<\/div>\n\t\t\t\t<\/div>\n\t\t\t\t<\/div>\n\t\t\t\t\t<\/div>\n\t\t\t\t<\/div>\n\t\t<div class=\"elementor-element elementor-element-7f147af e-flex e-con-boxed e-con e-parent\" data-id=\"7f147af\" data-element_type=\"container\" data-settings=\"{&quot;_ob_use_container_extras&quot;:&quot;no&quot;,&quot;_ob_column_hoveranimator&quot;:&quot;no&quot;,&quot;_ob_glider_is_slider&quot;:&quot;no&quot;,&quot;_ob_column_has_pseudo&quot;:&quot;no&quot;}\">\n\t\t\t\t\t<div class=\"e-con-inner\">\n\t\t<div class=\"elementor-element elementor-element-644d013 e-con-full e-flex e-con e-child\" data-id=\"644d013\" data-element_type=\"container\" data-settings=\"{&quot;_ob_use_container_extras&quot;:&quot;no&quot;,&quot;_ob_column_hoveranimator&quot;:&quot;no&quot;,&quot;_ob_glider_is_slider&quot;:&quot;no&quot;,&quot;_ob_column_has_pseudo&quot;:&quot;no&quot;}\">\n\t\t\t\t<div class=\"elementor-element elementor-element-67c1ccf ob-harakiri-inherit ob-has-background-overlay elementor-widget elementor-widget-heading\" data-id=\"67c1ccf\" data-element_type=\"widget\" data-settings=\"{&quot;_ob_use_harakiri&quot;:&quot;yes&quot;,&quot;_ob_harakiri_writing_mode&quot;:&quot;inherit&quot;,&quot;_ob_harakiri_text_clip&quot;:&quot;none&quot;,&quot;_ob_widget_stalker_use&quot;:&quot;no&quot;,&quot;_ob_poopart_use&quot;:&quot;yes&quot;,&quot;_ob_shadough_use&quot;:&quot;no&quot;,&quot;_ob_allow_hoveranimator&quot;:&quot;no&quot;}\" data-widget_type=\"heading.default\">\n\t\t\t\t<div class=\"elementor-widget-container\">\n\t\t\t\t\t<h2 class=\"elementor-heading-title elementor-size-default\">Mati\u00e8res recycl\u00e9es et s\u00e9lectionn\u00e9es<\/h2>\t\t\t\t<\/div>\n\t\t\t\t<\/div>\n\t\t\t\t<div class=\"elementor-element elementor-element-51adfea ob-harakiri-inherit ob-has-background-overlay elementor-widget elementor-widget-text-editor\" data-id=\"51adfea\" data-element_type=\"widget\" data-settings=\"{&quot;_ob_use_harakiri&quot;:&quot;yes&quot;,&quot;_ob_harakiri_writing_mode&quot;:&quot;inherit&quot;,&quot;_ob_postman_use&quot;:&quot;no&quot;,&quot;_ob_widget_stalker_use&quot;:&quot;no&quot;,&quot;_ob_poopart_use&quot;:&quot;yes&quot;,&quot;_ob_shadough_use&quot;:&quot;no&quot;,&quot;_ob_allow_hoveranimator&quot;:&quot;no&quot;}\" data-widget_type=\"text-editor.default\">\n\t\t\t\t<div class=\"elementor-widget-container\">\n\t\t\t\t\t\t\t\t\t<p>Lors de nouveaux d\u00e9veloppements, nous recherchons et s\u00e9lectionnons les mati\u00e8res recycl\u00e9es qui permettront \u00e9videmment d\u2019atteindre les exigences du cahier de charges client tout en ayant un impact positif sur l&rsquo;environnement. Concr\u00eatement, depuis plusieurs ann\u00e9es, nous maximisons le pourcentage de fibres recycl\u00e9es ou post-production dans nos nouveaux produits.<\/p><p>Dans certains secteurs, il est m\u00eame possible de d\u00e9velopper une version alternative d\u2019un non-tiss\u00e9 (en utilisant des fibres vierges en fibres recycl\u00e9es) afin d\u2019offrir le choix au client de la typologie de produit qu\u2019il souhaitera utiliser.<\/p>\t\t\t\t\t\t\t\t<\/div>\n\t\t\t\t<\/div>\n\t\t\t\t<\/div>\n\t\t<div class=\"elementor-element elementor-element-5ed8a52 e-con-full e-flex e-con e-child\" data-id=\"5ed8a52\" data-element_type=\"container\" data-settings=\"{&quot;_ob_use_container_extras&quot;:&quot;no&quot;,&quot;_ob_column_hoveranimator&quot;:&quot;no&quot;,&quot;_ob_glider_is_slider&quot;:&quot;no&quot;,&quot;_ob_column_has_pseudo&quot;:&quot;no&quot;}\">\n\t\t\t\t<div class=\"elementor-element elementor-element-5ab2493 ob-has-background-overlay elementor-widget elementor-widget-image\" data-id=\"5ab2493\" data-element_type=\"widget\" data-settings=\"{&quot;_ob_photomorph_use&quot;:&quot;no&quot;,&quot;_ob_widget_stalker_use&quot;:&quot;no&quot;,&quot;_ob_poopart_use&quot;:&quot;yes&quot;,&quot;_ob_shadough_use&quot;:&quot;no&quot;,&quot;_ob_allow_hoveranimator&quot;:&quot;no&quot;}\" data-widget_type=\"image.default\">\n\t\t\t\t<div class=\"elementor-widget-container\">\n\t\t\t\t\t\t\t\t\t\t\t\t\t\t\t<img decoding=\"async\" width=\"700\" height=\"700\" src=\"https:\/\/ecofelt.fr\/wp-content\/uploads\/2023\/09\/recherche-developpement-02.webp\" class=\"attachment-large size-large wp-image-302\" alt=\"\" srcset=\"https:\/\/ecofelt.fr\/wp-content\/uploads\/2023\/09\/recherche-developpement-02.webp 700w, https:\/\/ecofelt.fr\/wp-content\/uploads\/2023\/09\/recherche-developpement-02-300x300.webp 300w, https:\/\/ecofelt.fr\/wp-content\/uploads\/2023\/09\/recherche-developpement-02-150x150.webp 150w\" sizes=\"(max-width: 700px) 100vw, 700px\" \/>\t\t\t\t\t\t\t\t\t\t\t\t\t\t\t<\/div>\n\t\t\t\t<\/div>\n\t\t\t\t<\/div>\n\t\t\t\t\t<\/div>\n\t\t\t\t<\/div>\n\t\t<div class=\"elementor-element elementor-element-f4af1f8 e-flex e-con-boxed e-con e-parent\" data-id=\"f4af1f8\" data-element_type=\"container\" data-settings=\"{&quot;_ob_use_container_extras&quot;:&quot;no&quot;,&quot;_ob_column_hoveranimator&quot;:&quot;no&quot;,&quot;_ob_glider_is_slider&quot;:&quot;no&quot;,&quot;_ob_column_has_pseudo&quot;:&quot;no&quot;}\">\n\t\t\t\t\t<div class=\"e-con-inner\">\n\t\t<div class=\"elementor-element elementor-element-22f7091 e-con-full e-flex e-con e-child\" data-id=\"22f7091\" data-element_type=\"container\" data-settings=\"{&quot;_ob_use_container_extras&quot;:&quot;no&quot;,&quot;_ob_column_hoveranimator&quot;:&quot;no&quot;,&quot;_ob_glider_is_slider&quot;:&quot;no&quot;,&quot;_ob_column_has_pseudo&quot;:&quot;no&quot;}\">\n\t\t\t\t<div class=\"elementor-element elementor-element-c3c3622 ob-harakiri-inherit ob-has-background-overlay elementor-widget elementor-widget-heading\" data-id=\"c3c3622\" data-element_type=\"widget\" data-settings=\"{&quot;_ob_use_harakiri&quot;:&quot;yes&quot;,&quot;_ob_harakiri_writing_mode&quot;:&quot;inherit&quot;,&quot;_ob_harakiri_text_clip&quot;:&quot;none&quot;,&quot;_ob_widget_stalker_use&quot;:&quot;no&quot;,&quot;_ob_poopart_use&quot;:&quot;yes&quot;,&quot;_ob_shadough_use&quot;:&quot;no&quot;,&quot;_ob_allow_hoveranimator&quot;:&quot;no&quot;}\" data-widget_type=\"heading.default\">\n\t\t\t\t<div class=\"elementor-widget-container\">\n\t\t\t\t\t<h2 class=\"elementor-heading-title elementor-size-default\">Des rebuts qui peuvent changer le monde<\/h2>\t\t\t\t<\/div>\n\t\t\t\t<\/div>\n\t\t\t\t<div class=\"elementor-element elementor-element-94275ce ob-harakiri-inherit ob-has-background-overlay elementor-widget elementor-widget-text-editor\" data-id=\"94275ce\" data-element_type=\"widget\" data-settings=\"{&quot;_ob_use_harakiri&quot;:&quot;yes&quot;,&quot;_ob_harakiri_writing_mode&quot;:&quot;inherit&quot;,&quot;_ob_postman_use&quot;:&quot;no&quot;,&quot;_ob_widget_stalker_use&quot;:&quot;no&quot;,&quot;_ob_poopart_use&quot;:&quot;yes&quot;,&quot;_ob_shadough_use&quot;:&quot;no&quot;,&quot;_ob_allow_hoveranimator&quot;:&quot;no&quot;}\" data-widget_type=\"text-editor.default\">\n\t\t\t\t<div class=\"elementor-widget-container\">\n\t\t\t\t\t\t\t\t\t<p>Nous d\u00e9veloppons une gamme de produits con\u00e7us \u00e0 l\u2019aide de nos propres rebuts de production.<\/p><p>Ces non-tiss\u00e9s sont d&rsquo;ores et d\u00e9j\u00e0 pr\u00e9sents et pris\u00e9s dans les <a href=\"https:\/\/duflot.com\/fr\/secteurs-d-activite\/\" target=\"_blank\" rel=\"noopener\"><span style=\"text-decoration: underline;\">secteurs d&rsquo;activit\u00e9s<\/span><\/a> du <span style=\"text-decoration: underline;\"><a href=\"https:\/\/duflot.com\/fr\/secteurs-d-activite\/batiment-et-construction\/\" target=\"_blank\" rel=\"noopener\">b\u00e2timent et de la construction<\/a><\/span>, des <span style=\"text-decoration: underline;\"><a href=\"https:\/\/duflot.com\/fr\/secteurs-d-activite\/transport-et-mobilite\/\" target=\"_blank\" rel=\"noopener\">transports et de la mobilit\u00e9<\/a><\/span>&#8230;<\/p>\t\t\t\t\t\t\t\t<\/div>\n\t\t\t\t<\/div>\n\t\t\t\t<\/div>\n\t\t<div class=\"elementor-element elementor-element-a166ab2 e-con-full e-flex e-con e-child\" data-id=\"a166ab2\" data-element_type=\"container\" data-settings=\"{&quot;_ob_use_container_extras&quot;:&quot;no&quot;,&quot;_ob_column_hoveranimator&quot;:&quot;no&quot;,&quot;_ob_glider_is_slider&quot;:&quot;no&quot;,&quot;_ob_column_has_pseudo&quot;:&quot;no&quot;}\">\n\t\t\t\t<div class=\"elementor-element elementor-element-2094c64 ob-has-background-overlay elementor-widget elementor-widget-image\" data-id=\"2094c64\" data-element_type=\"widget\" data-settings=\"{&quot;_ob_photomorph_use&quot;:&quot;no&quot;,&quot;_ob_widget_stalker_use&quot;:&quot;no&quot;,&quot;_ob_poopart_use&quot;:&quot;yes&quot;,&quot;_ob_shadough_use&quot;:&quot;no&quot;,&quot;_ob_allow_hoveranimator&quot;:&quot;no&quot;}\" data-widget_type=\"image.default\">\n\t\t\t\t<div class=\"elementor-widget-container\">\n\t\t\t\t\t\t\t\t\t\t\t\t\t\t\t<img decoding=\"async\" width=\"700\" height=\"700\" src=\"https:\/\/ecofelt.fr\/wp-content\/uploads\/2023\/09\/recherche-developpement-01.webp\" class=\"attachment-large size-large wp-image-301\" alt=\"\" srcset=\"https:\/\/ecofelt.fr\/wp-content\/uploads\/2023\/09\/recherche-developpement-01.webp 700w, https:\/\/ecofelt.fr\/wp-content\/uploads\/2023\/09\/recherche-developpement-01-300x300.webp 300w, https:\/\/ecofelt.fr\/wp-content\/uploads\/2023\/09\/recherche-developpement-01-150x150.webp 150w\" sizes=\"(max-width: 700px) 100vw, 700px\" \/>\t\t\t\t\t\t\t\t\t\t\t\t\t\t\t<\/div>\n\t\t\t\t<\/div>\n\t\t\t\t<\/div>\n\t\t\t\t\t<\/div>\n\t\t\t\t<\/div>\n\t\t<div class=\"elementor-element elementor-element-9920c90 e-flex e-con-boxed e-con e-parent\" data-id=\"9920c90\" data-element_type=\"container\" data-settings=\"{&quot;_ob_use_container_extras&quot;:&quot;no&quot;,&quot;_ob_column_hoveranimator&quot;:&quot;no&quot;,&quot;_ob_glider_is_slider&quot;:&quot;no&quot;,&quot;_ob_column_has_pseudo&quot;:&quot;no&quot;}\">\n\t\t\t\t\t<div class=\"e-con-inner\">\n\t\t\t\t<div class=\"elementor-element elementor-element-77c9bb3 elementor-align-center ob-has-background-overlay elementor-widget elementor-widget-button\" data-id=\"77c9bb3\" data-element_type=\"widget\" data-settings=\"{&quot;_ob_butterbutton_use_it&quot;:&quot;no&quot;,&quot;_ob_widget_stalker_use&quot;:&quot;no&quot;,&quot;_ob_poopart_use&quot;:&quot;yes&quot;,&quot;_ob_shadough_use&quot;:&quot;no&quot;,&quot;_ob_allow_hoveranimator&quot;:&quot;no&quot;}\" data-widget_type=\"button.default\">\n\t\t\t\t<div class=\"elementor-widget-container\">\n\t\t\t\t\t\t\t\t\t<div class=\"elementor-button-wrapper\">\n\t\t\t\t\t<a class=\"elementor-button elementor-button-link elementor-size-sm\" href=\"https:\/\/duflot.com\/fr\/\" target=\"_blank\">\n\t\t\t\t\t\t<span class=\"elementor-button-content-wrapper\">\n\t\t\t\t\t\t<span class=\"elementor-button-icon\">\n\t\t\t\t<svg xmlns=\"http:\/\/www.w3.org\/2000\/svg\" xmlns:xlink=\"http:\/\/www.w3.org\/1999\/xlink\" id=\"Calque_1\" x=\"0px\" y=\"0px\" viewBox=\"0 0 10 10\" style=\"enable-background:new 0 0 10 10;\" xml:space=\"preserve\"><style type=\"text\/css\">\t.st0{fill:#FFFFFF;}<\/style><path class=\"st0\" d=\"M9.8,4.5l-4-4c-0.3-0.3-0.7-0.3-0.9,0c-0.3,0.3-0.3,0.7,0,0.9l2.9,2.9H0.7C0.3,4.3,0,4.6,0,4.9 c0,0.4,0.3,0.7,0.7,0.7h7.1L4.9,8.5c-0.3,0.3-0.3,0.7,0,0.9C5,9.6,5.2,9.6,5.3,9.6c0.2,0,0.3-0.1,0.5-0.2l4-4 C10.1,5.2,10.1,4.7,9.8,4.5z\"><\/path><\/svg>\t\t\t<\/span>\n\t\t\t\t\t\t\t\t\t<span class=\"elementor-button-text\">Duflot.com<\/span>\n\t\t\t\t\t<\/span>\n\t\t\t\t\t<\/a>\n\t\t\t\t<\/div>\n\t\t\t\t\t\t\t\t<\/div>\n\t\t\t\t<\/div>\n\t\t\t\t\t<\/div>\n\t\t\t\t<\/div>\n\t\t\t\t<\/div>\n\t\t","protected":false},"excerpt":{"rendered":"<p>Recherche &#038; D\u00e9veloppement Plus avec moins En atteignant toujours les performances recquises, nous adaptons la masse surfacique du produit. Nous priorisons ainsi un gain de performance via l\u2019expertise process plut\u00f4t qu\u2019un ajout syst\u00e9matique de mati\u00e8re. Mati\u00e8res recycl\u00e9es et s\u00e9lectionn\u00e9es Lors de nouveaux d\u00e9veloppements, nous recherchons et s\u00e9lectionnons les mati\u00e8res recycl\u00e9es qui permettront \u00e9videmment d\u2019atteindre les [&hellip;]<\/p>\n","protected":false},"author":1,"featured_media":0,"parent":0,"menu_order":0,"comment_status":"closed","ping_status":"closed","template":"","meta":{"footnotes":""},"class_list":["post-15","page","type-page","status-publish","hentry"],"yoast_head":"<!-- This site is optimized with the Yoast SEO plugin v26.8 - https:\/\/yoast.com\/product\/yoast-seo-wordpress\/ -->\n<title>R&amp;D - Ecofelt<\/title>\n<meta name=\"robots\" content=\"index, follow, max-snippet:-1, max-image-preview:large, max-video-preview:-1\" \/>\n<link rel=\"canonical\" href=\"https:\/\/ecofelt.fr\/fr\/rd\/\" \/>\n<meta property=\"og:locale\" content=\"fr_FR\" \/>\n<meta property=\"og:type\" content=\"article\" \/>\n<meta property=\"og:title\" content=\"R&amp;D - Ecofelt\" \/>\n<meta property=\"og:description\" content=\"Recherche &#038; D\u00e9veloppement Plus avec moins En atteignant toujours les performances recquises, nous adaptons la masse surfacique du produit. Nous priorisons ainsi un gain de performance via l\u2019expertise process plut\u00f4t qu\u2019un ajout syst\u00e9matique de mati\u00e8re. Mati\u00e8res recycl\u00e9es et s\u00e9lectionn\u00e9es Lors de nouveaux d\u00e9veloppements, nous recherchons et s\u00e9lectionnons les mati\u00e8res recycl\u00e9es qui permettront \u00e9videmment d\u2019atteindre les [&hellip;]\" \/>\n<meta property=\"og:url\" content=\"https:\/\/ecofelt.fr\/fr\/rd\/\" \/>\n<meta property=\"og:site_name\" content=\"Ecofelt\" \/>\n<meta property=\"article:modified_time\" content=\"2023-09-18T10:16:26+00:00\" \/>\n<meta property=\"og:image\" content=\"https:\/\/ecofelt.fr\/wp-content\/uploads\/2023\/07\/repousser-les-limites.jpg\" \/>\n<meta name=\"twitter:card\" content=\"summary_large_image\" \/>\n<meta name=\"twitter:label1\" content=\"Dur\u00e9e de lecture estim\u00e9e\" \/>\n\t<meta name=\"twitter:data1\" content=\"2 minutes\" \/>\n<script type=\"application\/ld+json\" class=\"yoast-schema-graph\">{\"@context\":\"https:\/\/schema.org\",\"@graph\":[{\"@type\":\"WebPage\",\"@id\":\"https:\/\/ecofelt.fr\/fr\/rd\/\",\"url\":\"https:\/\/ecofelt.fr\/fr\/rd\/\",\"name\":\"R&D - Ecofelt\",\"isPartOf\":{\"@id\":\"https:\/\/ecofelt.fr\/fr\/#website\"},\"primaryImageOfPage\":{\"@id\":\"https:\/\/ecofelt.fr\/fr\/rd\/#primaryimage\"},\"image\":{\"@id\":\"https:\/\/ecofelt.fr\/fr\/rd\/#primaryimage\"},\"thumbnailUrl\":\"https:\/\/ecofelt.fr\/wp-content\/uploads\/2023\/07\/repousser-les-limites.jpg\",\"datePublished\":\"2023-07-24T07:50:25+00:00\",\"dateModified\":\"2023-09-18T10:16:26+00:00\",\"breadcrumb\":{\"@id\":\"https:\/\/ecofelt.fr\/fr\/rd\/#breadcrumb\"},\"inLanguage\":\"fr-FR\",\"potentialAction\":[{\"@type\":\"ReadAction\",\"target\":[\"https:\/\/ecofelt.fr\/fr\/rd\/\"]}]},{\"@type\":\"ImageObject\",\"inLanguage\":\"fr-FR\",\"@id\":\"https:\/\/ecofelt.fr\/fr\/rd\/#primaryimage\",\"url\":\"https:\/\/ecofelt.fr\/wp-content\/uploads\/2023\/07\/repousser-les-limites.jpg\",\"contentUrl\":\"https:\/\/ecofelt.fr\/wp-content\/uploads\/2023\/07\/repousser-les-limites.jpg\"},{\"@type\":\"BreadcrumbList\",\"@id\":\"https:\/\/ecofelt.fr\/fr\/rd\/#breadcrumb\",\"itemListElement\":[{\"@type\":\"ListItem\",\"position\":1,\"name\":\"Accueil\",\"item\":\"https:\/\/ecofelt.fr\/fr\/\"},{\"@type\":\"ListItem\",\"position\":2,\"name\":\"R&#038;D\"}]},{\"@type\":\"WebSite\",\"@id\":\"https:\/\/ecofelt.fr\/fr\/#website\",\"url\":\"https:\/\/ecofelt.fr\/fr\/\",\"name\":\"Ecofelt\",\"description\":\"Pour des non-tiss\u00e9s \u00e0 impact positif\",\"publisher\":{\"@id\":\"https:\/\/ecofelt.fr\/fr\/#organization\"},\"potentialAction\":[{\"@type\":\"SearchAction\",\"target\":{\"@type\":\"EntryPoint\",\"urlTemplate\":\"https:\/\/ecofelt.fr\/fr\/?s={search_term_string}\"},\"query-input\":{\"@type\":\"PropertyValueSpecification\",\"valueRequired\":true,\"valueName\":\"search_term_string\"}}],\"inLanguage\":\"fr-FR\"},{\"@type\":\"Organization\",\"@id\":\"https:\/\/ecofelt.fr\/fr\/#organization\",\"name\":\"Ecofelt\",\"url\":\"https:\/\/ecofelt.fr\/fr\/\",\"logo\":{\"@type\":\"ImageObject\",\"inLanguage\":\"fr-FR\",\"@id\":\"https:\/\/ecofelt.fr\/fr\/#\/schema\/logo\/image\/\",\"url\":\"https:\/\/ecofelt.fr\/wp-content\/uploads\/2023\/07\/ecofelt-logo.svg\",\"contentUrl\":\"https:\/\/ecofelt.fr\/wp-content\/uploads\/2023\/07\/ecofelt-logo.svg\",\"width\":539,\"height\":124,\"caption\":\"Ecofelt\"},\"image\":{\"@id\":\"https:\/\/ecofelt.fr\/fr\/#\/schema\/logo\/image\/\"}}]}<\/script>\n<!-- \/ Yoast SEO plugin. -->","yoast_head_json":{"title":"R&D - Ecofelt","robots":{"index":"index","follow":"follow","max-snippet":"max-snippet:-1","max-image-preview":"max-image-preview:large","max-video-preview":"max-video-preview:-1"},"canonical":"https:\/\/ecofelt.fr\/fr\/rd\/","og_locale":"fr_FR","og_type":"article","og_title":"R&D - Ecofelt","og_description":"Recherche &#038; D\u00e9veloppement Plus avec moins En atteignant toujours les performances recquises, nous adaptons la masse surfacique du produit. Nous priorisons ainsi un gain de performance via l\u2019expertise process plut\u00f4t qu\u2019un ajout syst\u00e9matique de mati\u00e8re. Mati\u00e8res recycl\u00e9es et s\u00e9lectionn\u00e9es Lors de nouveaux d\u00e9veloppements, nous recherchons et s\u00e9lectionnons les mati\u00e8res recycl\u00e9es qui permettront \u00e9videmment d\u2019atteindre les [&hellip;]","og_url":"https:\/\/ecofelt.fr\/fr\/rd\/","og_site_name":"Ecofelt","article_modified_time":"2023-09-18T10:16:26+00:00","og_image":[{"url":"https:\/\/ecofelt.fr\/wp-content\/uploads\/2023\/07\/repousser-les-limites.jpg","type":"","width":"","height":""}],"twitter_card":"summary_large_image","twitter_misc":{"Dur\u00e9e de lecture estim\u00e9e":"2 minutes"},"schema":{"@context":"https:\/\/schema.org","@graph":[{"@type":"WebPage","@id":"https:\/\/ecofelt.fr\/fr\/rd\/","url":"https:\/\/ecofelt.fr\/fr\/rd\/","name":"R&D - Ecofelt","isPartOf":{"@id":"https:\/\/ecofelt.fr\/fr\/#website"},"primaryImageOfPage":{"@id":"https:\/\/ecofelt.fr\/fr\/rd\/#primaryimage"},"image":{"@id":"https:\/\/ecofelt.fr\/fr\/rd\/#primaryimage"},"thumbnailUrl":"https:\/\/ecofelt.fr\/wp-content\/uploads\/2023\/07\/repousser-les-limites.jpg","datePublished":"2023-07-24T07:50:25+00:00","dateModified":"2023-09-18T10:16:26+00:00","breadcrumb":{"@id":"https:\/\/ecofelt.fr\/fr\/rd\/#breadcrumb"},"inLanguage":"fr-FR","potentialAction":[{"@type":"ReadAction","target":["https:\/\/ecofelt.fr\/fr\/rd\/"]}]},{"@type":"ImageObject","inLanguage":"fr-FR","@id":"https:\/\/ecofelt.fr\/fr\/rd\/#primaryimage","url":"https:\/\/ecofelt.fr\/wp-content\/uploads\/2023\/07\/repousser-les-limites.jpg","contentUrl":"https:\/\/ecofelt.fr\/wp-content\/uploads\/2023\/07\/repousser-les-limites.jpg"},{"@type":"BreadcrumbList","@id":"https:\/\/ecofelt.fr\/fr\/rd\/#breadcrumb","itemListElement":[{"@type":"ListItem","position":1,"name":"Accueil","item":"https:\/\/ecofelt.fr\/fr\/"},{"@type":"ListItem","position":2,"name":"R&#038;D"}]},{"@type":"WebSite","@id":"https:\/\/ecofelt.fr\/fr\/#website","url":"https:\/\/ecofelt.fr\/fr\/","name":"Ecofelt","description":"Pour des non-tiss\u00e9s \u00e0 impact positif","publisher":{"@id":"https:\/\/ecofelt.fr\/fr\/#organization"},"potentialAction":[{"@type":"SearchAction","target":{"@type":"EntryPoint","urlTemplate":"https:\/\/ecofelt.fr\/fr\/?s={search_term_string}"},"query-input":{"@type":"PropertyValueSpecification","valueRequired":true,"valueName":"search_term_string"}}],"inLanguage":"fr-FR"},{"@type":"Organization","@id":"https:\/\/ecofelt.fr\/fr\/#organization","name":"Ecofelt","url":"https:\/\/ecofelt.fr\/fr\/","logo":{"@type":"ImageObject","inLanguage":"fr-FR","@id":"https:\/\/ecofelt.fr\/fr\/#\/schema\/logo\/image\/","url":"https:\/\/ecofelt.fr\/wp-content\/uploads\/2023\/07\/ecofelt-logo.svg","contentUrl":"https:\/\/ecofelt.fr\/wp-content\/uploads\/2023\/07\/ecofelt-logo.svg","width":539,"height":124,"caption":"Ecofelt"},"image":{"@id":"https:\/\/ecofelt.fr\/fr\/#\/schema\/logo\/image\/"}}]}},"_links":{"self":[{"href":"https:\/\/ecofelt.fr\/fr\/wp-json\/wp\/v2\/pages\/15","targetHints":{"allow":["GET"]}}],"collection":[{"href":"https:\/\/ecofelt.fr\/fr\/wp-json\/wp\/v2\/pages"}],"about":[{"href":"https:\/\/ecofelt.fr\/fr\/wp-json\/wp\/v2\/types\/page"}],"author":[{"embeddable":true,"href":"https:\/\/ecofelt.fr\/fr\/wp-json\/wp\/v2\/users\/1"}],"replies":[{"embeddable":true,"href":"https:\/\/ecofelt.fr\/fr\/wp-json\/wp\/v2\/comments?post=15"}],"version-history":[{"count":34,"href":"https:\/\/ecofelt.fr\/fr\/wp-json\/wp\/v2\/pages\/15\/revisions"}],"predecessor-version":[{"id":397,"href":"https:\/\/ecofelt.fr\/fr\/wp-json\/wp\/v2\/pages\/15\/revisions\/397"}],"wp:attachment":[{"href":"https:\/\/ecofelt.fr\/fr\/wp-json\/wp\/v2\/media?parent=15"}],"curies":[{"name":"wp","href":"https:\/\/api.w.org\/{rel}","templated":true}]}}